{"id":276009,"date":"2025-03-03T22:22:36","date_gmt":"2025-03-03T19:22:36","guid":{"rendered":"https:\/\/nbg.eu\/product\/qwik-dri-dry-lubricant-1-oz\/"},"modified":"2026-01-21T11:41:29","modified_gmt":"2026-01-21T08:41:29","slug":"qwik-dri-dry-lubricant-1-oz","status":"publish","type":"product","link":"https:\/\/nbg.eu\/sv\/produkt\/qwik-dri-dry-lubricant-1-oz\/","title":{"rendered":"QWIK-DRI DRY LUBRICANT, 1 Oz"},"content":{"rendered":"<h2>QWIK-DRI TORRT SM\u00d6RJMEDEL, 1 Oz<\/h2>\n<p>Bore Tech Qwik-Dri\u2122 \u00e4r ett torrt filmsm\u00f6rjmedel f\u00f6r vapenunderh\u00e5ll. Denna 1 oz flaska inneh\u00e5ller en formel av submikrona PTFE-partiklar i en snabbavdunstande b\u00e4rare.<\/p>\n<ul>\n<li>Tr\u00e4nger djupt in i metallporer<\/li>\n<li>Bildar en h\u00e5llbar torr film<\/li>\n<li>Fungerar i extrema temperaturer (-73\u00b0C till 315\u00b0C)<\/li>\n<li>Minskar friktion och slitage med 95%<\/li>\n<li>Avvisar damm och smuts<\/li>\n<li>Icke-oljig applicering<\/li>\n<\/ul>\n<p>L\u00e4mplig f\u00f6r pistolslider, avtryckare, gev\u00e4rsbultar, magasin och mer. Qwik-Dri\u2122 s\u00e4kerst\u00e4ller smidig funktion. Passar f\u00f6r h\u00f6lstrade vapen och fl\u00e4ckar inte kl\u00e4der. Tillverkad i USA.<\/p>\n<p><strong>V\u00e4lj Bore Tech Qwik-Dri\u2122 f\u00f6r vapenunderh\u00e5ll.<\/strong><\/p>\n","protected":false},"excerpt":{"rendered":"<p>QWIK-DRI: Snabbtorkande PTFE-sm\u00f6rjmedel f\u00f6r extrema temperaturer. St\u00f6ter bort smuts.<\/p>\n","protected":false},"featured_media":235689,"template":"","meta":{"_acf_changed":false},"product_brand":[11162],"product_cat":[13068,13008,12995],"product_tag":[],"class_list":{"0":"post-276009","1":"product","2":"type-product","3":"status-publish","4":"has-post-thumbnail","6":"product_brand-boretech","7":"product_cat-rengoeringsmedel","8":"product_cat-smoerjmedel","9":"product_cat-vapenrengoering","11":"first","12":"instock","13":"taxable","14":"shipping-taxable","15":"purchasable","16":"product-type-simple"},"acf":[],"_links":{"self":[{"href":"https:\/\/nbg.eu\/sv\/wp-json\/wp\/v2\/product\/276009","targetHints":{"allow":["GET"]}}],"collection":[{"href":"https:\/\/nbg.eu\/sv\/wp-json\/wp\/v2\/product"}],"about":[{"href":"https:\/\/nbg.eu\/sv\/wp-json\/wp\/v2\/types\/product"}],"wp:featuredmedia":[{"embeddable":true,"href":"https:\/\/nbg.eu\/sv\/wp-json\/wp\/v2\/media\/235689"}],"wp:attachment":[{"href":"https:\/\/nbg.eu\/sv\/wp-json\/wp\/v2\/media?parent=276009"}],"wp:term":[{"taxonomy":"product_brand","embeddable":true,"href":"https:\/\/nbg.eu\/sv\/wp-json\/wp\/v2\/product_brand?post=276009"},{"taxonomy":"product_cat","embeddable":true,"href":"https:\/\/nbg.eu\/sv\/wp-json\/wp\/v2\/product_cat?post=276009"},{"taxonomy":"product_tag","embeddable":true,"href":"https:\/\/nbg.eu\/sv\/wp-json\/wp\/v2\/product_tag?post=276009"}],"curies":[{"name":"wp","href":"https:\/\/api.w.org\/{rel}","templated":true}]}}