{"id":277953,"date":"2025-03-07T22:09:14","date_gmt":"2025-03-07T19:09:14","guid":{"rendered":"https:\/\/nbg.eu\/product\/vortex-strike-eagle-1-8x24-ffp\/"},"modified":"2026-01-21T11:46:18","modified_gmt":"2026-01-21T08:46:18","slug":"vortex-strike-eagle-1-8x24-ffp","status":"publish","type":"product","link":"https:\/\/nbg.eu\/sv\/produkt\/vortex-strike-eagle-1-8x24-ffp\/","title":{"rendered":"Vortex &#8211; Strike Eagle\u00ae &#8211; 1-8&#215;24 FFP"},"content":{"rendered":"<div class=\"product-description\">\n<h1>Vortex &#8211; Strike Eagle\u00ae &#8211; 1-8&#215;24 FFP<\/h1>\n<p>Strike Eagle\u00ae \u00e4r ett m\u00e5ngsidigt kikarsikte med optisk prestanda f\u00f6r att f\u00f6rb\u00e4ttra ditt skytte. Med robust konstruktion, glaskvalitet och avancerade funktioner fungerar detta sikte bra i b\u00e5de snabba situationer och f\u00f6r l\u00e5ngdistansskytte upp till 1000 meter. Strike Eagle\u00ae anpassar sig till olika utmaningar.<\/p>\n<h2>Huvudfunktioner:<\/h2>\n<ul>\n<li>F\u00f6rstoring: 1-8x<\/li>\n<li>Objektivlinsdiameter: 24 mm<\/li>\n<li>F\u00f6rsta fokalplan (FFP)<\/li>\n<li>EBR-8 MOA riktmedel<\/li>\n<li>\u00d6gonavst\u00e5nd: 3,9&#8243;<\/li>\n<li>Synf\u00e4lt: 113,6&#8242; &#8211; 14,1&#8242; p\u00e5 100 meter<\/li>\n<li>30 mm tubstorlek<\/li>\n<li>1\/4 MOA justeringsgradering<\/li>\n<li>145 MOA maximal h\u00f6jd- och vindavdriftsjustering<\/li>\n<li>Vikt: 23,9 oz<\/li>\n<\/ul>\n<h2>EBR-8 riktmedel:<\/h2>\n<p>EBR-8 MOA riktmedel i f\u00f6rsta fokalplanet \u00e4r glasetsat och belyst. Det m\u00f6jligg\u00f6r snabb skjutning fr\u00e5n korta avst\u00e5nd till 600 meter med popul\u00e4ra .223\/5,56mm och .308\/7,62mm laddningar. Riktmedlet kan ocks\u00e5 anv\u00e4ndas med andra kalibrar och laddningar med hj\u00e4lp av BDC-markeringar.<\/p>\n<h2>H\u00e5llbarhet och klarhet:<\/h2>\n<ul>\n<li>Konstruktion i flygplanskvalitetsaluminium<\/li>\n<li>ArmorTek\u00ae rept\u00e5lig bel\u00e4ggning<\/li>\n<li>Helbelagda linser f\u00f6r optimal ljus\u00f6verf\u00f6ring<\/li>\n<li>St\u00f6tt\u00e5lig design f\u00f6r att motst\u00e5 rekyl och st\u00f6tar<\/li>\n<\/ul>\n<h2>Ytterligare funktioner:<\/h2>\n<ul>\n<li>T\u00e4ckta justeringsrattar<\/li>\n<li>25 MOA justering per rotation<\/li>\n<li>Parallaxinst\u00e4llning: 125 meter<\/li>\n<li>Medf\u00f6ljer spak f\u00f6r snabba f\u00f6rstoringsjusteringar<\/li>\n<\/ul>\n<p>Vortex Strike Eagle\u00ae 1-8&#215;24 FFP \u00e4r en l\u00f6sning f\u00f6r skyttar som s\u00f6ker ett m\u00e5ngsidigt kikarsikte med h\u00f6g prestanda. Detta sikte ger precision och tillf\u00f6rlitlighet f\u00f6r b\u00e5de n\u00e4rstrid och l\u00e5ngdistansskytte.<\/p>\n<\/div>\n","protected":false},"excerpt":{"rendered":"<p>M\u00e5ngsidig 1-8&#215;24 FFP-kikarsikte med EBR-8-riktmedel. Robust optik med h\u00f6g prestanda f\u00f6r taktisk skjutning.<\/p>\n","protected":false},"featured_media":249216,"template":"","meta":{"_acf_changed":false},"product_brand":[11967],"product_cat":[13017,13004],"product_tag":[],"class_list":{"0":"post-277953","1":"product","2":"type-product","3":"status-publish","4":"has-post-thumbnail","6":"product_brand-vortex","7":"product_cat-foerstorande-optik","8":"product_cat-siktning","10":"first","11":"outofstock","12":"taxable","13":"shipping-taxable","14":"purchasable","15":"product-type-simple"},"acf":[],"_links":{"self":[{"href":"https:\/\/nbg.eu\/sv\/wp-json\/wp\/v2\/product\/277953","targetHints":{"allow":["GET"]}}],"collection":[{"href":"https:\/\/nbg.eu\/sv\/wp-json\/wp\/v2\/product"}],"about":[{"href":"https:\/\/nbg.eu\/sv\/wp-json\/wp\/v2\/types\/product"}],"wp:featuredmedia":[{"embeddable":true,"href":"https:\/\/nbg.eu\/sv\/wp-json\/wp\/v2\/media\/249216"}],"wp:attachment":[{"href":"https:\/\/nbg.eu\/sv\/wp-json\/wp\/v2\/media?parent=277953"}],"wp:term":[{"taxonomy":"product_brand","embeddable":true,"href":"https:\/\/nbg.eu\/sv\/wp-json\/wp\/v2\/product_brand?post=277953"},{"taxonomy":"product_cat","embeddable":true,"href":"https:\/\/nbg.eu\/sv\/wp-json\/wp\/v2\/product_cat?post=277953"},{"taxonomy":"product_tag","embeddable":true,"href":"https:\/\/nbg.eu\/sv\/wp-json\/wp\/v2\/product_tag?post=277953"}],"curies":[{"name":"wp","href":"https:\/\/api.w.org\/{rel}","templated":true}]}}