{"id":283495,"date":"2025-03-07T20:40:36","date_gmt":"2025-03-07T17:40:36","guid":{"rendered":"https:\/\/nbg.eu\/product\/rusan-adapter-arm52-64-64mm\/"},"modified":"2026-01-21T11:38:39","modified_gmt":"2026-01-21T08:38:39","slug":"rusan-adapter-arm52-64-64mm","status":"publish","type":"product","link":"https:\/\/nbg.eu\/sv\/produkt\/rusan-adapter-arm52-64-64mm\/","title":{"rendered":"Rusan &#8211; Adapter ARM52-64, 64mm"},"content":{"rendered":"<div class=\"product-description\">\n<h1>Rusan &#8211; Adapter ARM52-64, 64mm<\/h1>\n<h2>En kombination av styrka, anpassningsbarhet och precisionsdesign<\/h2>\n<p>Rusan &#8211; Adapter ARM52-64 \u00e4r en 64mm adapter som kombinerar styrka, anpassningsbarhet och precision, utformad f\u00f6r att optimera din utrustning f\u00f6r olika skyttescenarier.<\/p>\n<h3>Huvudfunktioner:<\/h3>\n<ul>\n<li><strong>RRS-Lock\u2122 System:<\/strong> Inkluderar s\u00e4kerhetsstopp i b\u00e5de monteringsskenan och snabbkopplingen, f\u00f6ljer RRS 1.5&#8243; Standard. Har flera &#8221;h\u00e5rda stopp&#8221; l\u00e4ngs skenan med j\u00e4mna kanter f\u00f6r ergonomi.<\/li>\n<li><strong>Enkel toppladdning:<\/strong> \u00d6ppnas och st\u00e4ngs enkelt, m\u00f6jligg\u00f6r toppladdning av RRS Dovetail och Arca-Swiss kompatibla snabbkopplingsplattor.<\/li>\n<li><strong>Visuell l\u00e5sbekr\u00e4ftelse:<\/strong> Visar spakens position &#8211; l\u00e5st, halv\u00f6ppen eller helt \u00f6ppen.<\/li>\n<li><strong>Justerbar sp\u00e4nning:<\/strong> Finjustera kl\u00e4msp\u00e4nningen f\u00f6r kompatibilitet med andra plattor och skenor.<\/li>\n<li><strong>Patenterad dubbelkl\u00e4mma:<\/strong> Passar b\u00e5de Picatinny och Arca-stil skenor.<\/li>\n<li><strong>Anv\u00e4ndarv\u00e4nlig design:<\/strong> Bak\u00e5tkompatibel med icke-RRS-Lock\u2122 Arca-stil skenor.<\/li>\n<\/ul>\n<h3>Kompatibla tv\u00e5fotsst\u00f6d:<\/h3>\n<ul>\n<li>B&amp;T Industries&#8217; Atlas A.R.M.S. 17s tv\u00e5fotsst\u00f6d<\/li>\n<li>Thunder Beast Arms TBAC<\/li>\n<li>Magpul A.R.M.S. 17s Stil<\/li>\n<li>Alla andra A.R.M.S. 17s till\u00e4mpningar<\/li>\n<\/ul>\n<h3>Specifikationer:<\/h3>\n<table>\n<tr>\n<td>K\u00e4ftl\u00e4ngd:<\/td>\n<td>1,97&#8243; \/ 50mm<\/td>\n<\/tr>\n<tr>\n<td>Bredd:<\/td>\n<td>2,94&#8243; \/ 74,6mm<\/td>\n<\/tr>\n<tr>\n<td>H\u00f6jd:<\/td>\n<td>0,7&#8243; \/ 17,4mm<\/td>\n<\/tr>\n<tr>\n<td>Vikt:<\/td>\n<td>3,8oz \/ 107g (inklusive h\u00e5rdvara)<\/td>\n<\/tr>\n<\/table>\n<p>Rusan &#8211; Adapter ARM52-64 \u00e4r utformad f\u00f6r att s\u00e4kra din utrustning med ett p\u00e5litligt kl\u00e4msystem.<\/p>\n<\/div>\n","protected":false},"excerpt":{"rendered":"<p>Rusan ARM52-64: 64 mm adapter f\u00f6r precisionsmontering. H\u00e5llbar, m\u00e5ngsidig och konstruerad f\u00f6r optimal prestanda.<\/p>\n","protected":false},"featured_media":248377,"template":"","meta":{"_acf_changed":false},"product_brand":[11696],"product_cat":[13004,13029,13024],"product_tag":[],"class_list":{"0":"post-283495","1":"product","2":"type-product","3":"status-publish","4":"has-post-thumbnail","6":"product_brand-rusan","7":"product_cat-siktning","8":"product_cat-sikttillbehoer","9":"product_cat-termisk","11":"first","12":"outofstock","13":"taxable","14":"shipping-taxable","15":"purchasable","16":"product-type-simple"},"acf":[],"_links":{"self":[{"href":"https:\/\/nbg.eu\/sv\/wp-json\/wp\/v2\/product\/283495","targetHints":{"allow":["GET"]}}],"collection":[{"href":"https:\/\/nbg.eu\/sv\/wp-json\/wp\/v2\/product"}],"about":[{"href":"https:\/\/nbg.eu\/sv\/wp-json\/wp\/v2\/types\/product"}],"wp:featuredmedia":[{"embeddable":true,"href":"https:\/\/nbg.eu\/sv\/wp-json\/wp\/v2\/media\/248377"}],"wp:attachment":[{"href":"https:\/\/nbg.eu\/sv\/wp-json\/wp\/v2\/media?parent=283495"}],"wp:term":[{"taxonomy":"product_brand","embeddable":true,"href":"https:\/\/nbg.eu\/sv\/wp-json\/wp\/v2\/product_brand?post=283495"},{"taxonomy":"product_cat","embeddable":true,"href":"https:\/\/nbg.eu\/sv\/wp-json\/wp\/v2\/product_cat?post=283495"},{"taxonomy":"product_tag","embeddable":true,"href":"https:\/\/nbg.eu\/sv\/wp-json\/wp\/v2\/product_tag?post=283495"}],"curies":[{"name":"wp","href":"https:\/\/api.w.org\/{rel}","templated":true}]}}