{"id":284942,"date":"2024-01-30T18:08:20","date_gmt":"2024-01-30T18:08:20","guid":{"rendered":"https:\/\/nbg.eu\/product\/area-419-mini-pad-the-gripchanger\/"},"modified":"2026-01-21T12:04:24","modified_gmt":"2026-01-21T09:04:24","slug":"area-419-mini-pad-the-gripchanger","status":"publish","type":"product","link":"https:\/\/nbg.eu\/sv\/produkt\/area-419-mini-pad-the-gripchanger\/","title":{"rendered":"Area 419 &#8211; Mini Pad, The GripChanger"},"content":{"rendered":"<div class=\"product-description\">\n<h2>Area 419 &#8211; Mini Pad, GripChanger<\/h2>\n<p>GripChanger \u00e4r det senaste tillskottet i v\u00e5r RailChanger-serie. Denna kompakta och t\u00e4tt fyllda v\u00e4ska \u00e4r en l\u00f6sning f\u00f6r snabb positionsbyggnad eller anv\u00e4ndning i sm\u00e5 \u00f6ppningar.<\/p>\n<h3>Egenskaper:<\/h3>\n<ul>\n<li>V\u00e4ger cirka 1 lb<\/li>\n<li>F\u00e4ster p\u00e5 alla ytor<\/li>\n<li>Ger en stabil plattform f\u00f6r snabba upps\u00e4ttningar<\/li>\n<\/ul>\n<h3>Sats inneh\u00e5ller:<\/h3>\n<ul>\n<li>1 Area 419 GripChanger-v\u00e4ska<\/li>\n<li>1 ARCALOCK-kl\u00e4mma<\/li>\n<li>1 Area 419 Rail Changer-arm<\/li>\n<\/ul>\n<h3>Specifikationer:<\/h3>\n<ul>\n<li>Vikt: 1 lb<\/li>\n<li>M\u00e5tt: 10 \u00d7 3 \u00d7 2 tum<\/li>\n<li>Tillverkare: Armageddon Gear<\/li>\n<\/ul>\n<\/div>\n","protected":false},"excerpt":{"rendered":"<p>&#8221;Kompakt, greppv\u00e4nlig 450 grams p\u00e5se f\u00f6r snabba, stabila skjutpositioner. Inkluderar kl\u00e4mma och arm.&#8221;<\/p>\n","protected":false},"featured_media":233579,"template":"","meta":{"_acf_changed":false},"product_brand":[11051],"product_cat":[13053],"product_tag":[],"class_list":{"0":"post-284942","1":"product","2":"type-product","3":"status-publish","4":"has-post-thumbnail","6":"product_brand-area-419","7":"product_cat-gevaer","9":"first","10":"instock","11":"taxable","12":"shipping-taxable","13":"purchasable","14":"product-type-simple"},"acf":[],"_links":{"self":[{"href":"https:\/\/nbg.eu\/sv\/wp-json\/wp\/v2\/product\/284942","targetHints":{"allow":["GET"]}}],"collection":[{"href":"https:\/\/nbg.eu\/sv\/wp-json\/wp\/v2\/product"}],"about":[{"href":"https:\/\/nbg.eu\/sv\/wp-json\/wp\/v2\/types\/product"}],"wp:featuredmedia":[{"embeddable":true,"href":"https:\/\/nbg.eu\/sv\/wp-json\/wp\/v2\/media\/233579"}],"wp:attachment":[{"href":"https:\/\/nbg.eu\/sv\/wp-json\/wp\/v2\/media?parent=284942"}],"wp:term":[{"taxonomy":"product_brand","embeddable":true,"href":"https:\/\/nbg.eu\/sv\/wp-json\/wp\/v2\/product_brand?post=284942"},{"taxonomy":"product_cat","embeddable":true,"href":"https:\/\/nbg.eu\/sv\/wp-json\/wp\/v2\/product_cat?post=284942"},{"taxonomy":"product_tag","embeddable":true,"href":"https:\/\/nbg.eu\/sv\/wp-json\/wp\/v2\/product_tag?post=284942"}],"curies":[{"name":"wp","href":"https:\/\/api.w.org\/{rel}","templated":true}]}}