{"id":285331,"date":"2025-03-04T21:44:51","date_gmt":"2025-03-04T18:44:51","guid":{"rendered":"https:\/\/nbg.eu\/product\/magpul-ctr-moe-cheek-riser-0-25\/"},"modified":"2026-01-21T12:29:00","modified_gmt":"2026-01-21T09:29:00","slug":"magpul-ctr-moe-cheek-riser-0-25","status":"publish","type":"product","link":"https:\/\/nbg.eu\/sv\/produkt\/magpul-ctr-moe-cheek-riser-0-25\/","title":{"rendered":"Magpul &#8211; CTR \/ MOE Cheek Riser &#8211; 0.25&#8221;"},"content":{"rendered":"<div class=\"product-description\">\n<h2>Magpul &#8211; CTR \/ MOE Kindst\u00f6d &#8211; 0,25&#8243;<\/h2>\n<p>Magpul CTR \/ MOE Kindst\u00f6d \u00e4r ett kl\u00e4mbart tillbeh\u00f6r designat f\u00f6r att h\u00f6ja kindst\u00f6det med 1\/4 tum, f\u00f6r anv\u00e4ndning med icke-AR15\/M4 applikationer.<\/p>\n<ul>\n<li>Kompatibel med CTR, MOE\u00ae, DT och PR Carbine-kolvar<\/li>\n<li>L\u00e4mplig f\u00f6r M14 karbinkolv-konverteringar<\/li>\n<li>Tillverkad i USA<\/li>\n<li>NSN: MAG325-BLK 1005-01-591-6018<\/li>\n<\/ul>\n<p><strong>Obs:<\/strong> Detta kindst\u00f6d kan st\u00f6ra laddhandtagets funktion p\u00e5 AR15\/M4-plattformar om kolven inte \u00e4r fullt utdragen.<\/p>\n<\/div>\n","protected":false},"excerpt":{"rendered":"<p>Kindlyftare f\u00f6r icke-AR15\/M4-kolvar. H\u00f6jer kindst\u00f6det med 6,35 mm. Tillverkad i USA.<\/p>\n","protected":false},"featured_media":236949,"template":"","meta":{"_acf_changed":false},"product_brand":[11551],"product_cat":[13049,13014],"product_tag":[],"class_list":{"0":"post-285331","1":"product","2":"type-product","3":"status-publish","4":"has-post-thumbnail","6":"product_brand-magpul","7":"product_cat-gevaersskolmar","8":"product_cat-gevaerstuning","10":"first","11":"instock","12":"taxable","13":"shipping-taxable","14":"purchasable","15":"product-type-variable","16":"wvs-archive-product-wrapper"},"acf":[],"_links":{"self":[{"href":"https:\/\/nbg.eu\/sv\/wp-json\/wp\/v2\/product\/285331","targetHints":{"allow":["GET"]}}],"collection":[{"href":"https:\/\/nbg.eu\/sv\/wp-json\/wp\/v2\/product"}],"about":[{"href":"https:\/\/nbg.eu\/sv\/wp-json\/wp\/v2\/types\/product"}],"wp:featuredmedia":[{"embeddable":true,"href":"https:\/\/nbg.eu\/sv\/wp-json\/wp\/v2\/media\/236949"}],"wp:attachment":[{"href":"https:\/\/nbg.eu\/sv\/wp-json\/wp\/v2\/media?parent=285331"}],"wp:term":[{"taxonomy":"product_brand","embeddable":true,"href":"https:\/\/nbg.eu\/sv\/wp-json\/wp\/v2\/product_brand?post=285331"},{"taxonomy":"product_cat","embeddable":true,"href":"https:\/\/nbg.eu\/sv\/wp-json\/wp\/v2\/product_cat?post=285331"},{"taxonomy":"product_tag","embeddable":true,"href":"https:\/\/nbg.eu\/sv\/wp-json\/wp\/v2\/product_tag?post=285331"}],"curies":[{"name":"wp","href":"https:\/\/api.w.org\/{rel}","templated":true}]}}