{"id":288610,"date":"2025-03-05T08:00:39","date_gmt":"2025-03-05T08:00:39","guid":{"rendered":"https:\/\/nbg.eu\/prodcut\/magpul-prs-gen3-precision-adjustable-stock\/"},"modified":"2026-01-21T12:16:51","modified_gmt":"2026-01-21T09:16:51","slug":"magpul-prs-gen3-precision-adjustable-stock","status":"publish","type":"product","link":"https:\/\/nbg.eu\/sv\/produkt\/magpul-prs-gen3-precision-adjustable-stock\/","title":{"rendered":"Magpul &#8211; PRS\u00ae GEN3 Precision-Adjustable Stock"},"content":{"rendered":"<div class=\"product-description\">\n<h2>Magpul &#8211; PRS\u00ae GEN3 Justerbar precisionstock<\/h2>\n<p>PRS GEN3 \u00e4r en precisionstock f\u00f6r AR15\/M16 och AR10\/SR25 plattformar, med verktygsl\u00f6s justering av kolv och kindst\u00f6d. Den \u00e4r utformad f\u00f6r halvautomatiska prickskyttegev\u00e4r eller varmintgev\u00e4r och erbjuder ett stabilt gr\u00e4nssnitt och n\u00e4stan universell passform.<\/p>\n<ul>\n<li>Optimerad f\u00f6r gev\u00e4rsl\u00e4ngd mottagarf\u00f6rl\u00e4ngningar<\/li>\n<li>Kompatibel med m\u00e5nga Mil-Spec karbinr\u00f6r och A5-l\u00e4ngdr\u00f6r<\/li>\n<li>Lutnings-\/h\u00f6jdjusterbar gummikolv<\/li>\n<li>Rotationsbegr\u00e4nsande QD-rembygelkoppar<\/li>\n<li>M-LOK\u00ae sp\u00e5r f\u00f6r montering av bakre monopod<\/li>\n<li>Tillverkad i USA<\/li>\n<\/ul>\n<p>PRS GEN3 har maskinbearbetade aluminiumjusteringsvred, st\u00e5laxlar med Melonite\u00ae-finish och flera remf\u00e4stalternativ f\u00f6r h\u00e5llbarhet och m\u00e5ngsidighet i f\u00e4lt.<\/p>\n<\/div>\n","protected":false},"excerpt":{"rendered":"<p>Precisionsjusterad AR-kolv med verktygsfri justering av l\u00e4ngd och kindst\u00f6d.<\/p>\n","protected":false},"featured_media":238372,"template":"","meta":{"_acf_changed":false},"product_brand":[11551],"product_cat":[13053,13049,13014],"product_tag":[],"class_list":{"0":"post-288610","1":"product","2":"type-product","3":"status-publish","4":"has-post-thumbnail","6":"product_brand-magpul","7":"product_cat-gevaer","8":"product_cat-gevaersskolmar","9":"product_cat-gevaerstuning","11":"first","12":"instock","13":"taxable","14":"shipping-taxable","15":"purchasable","16":"product-type-variable","17":"wvs-archive-product-wrapper"},"acf":[],"_links":{"self":[{"href":"https:\/\/nbg.eu\/sv\/wp-json\/wp\/v2\/product\/288610","targetHints":{"allow":["GET"]}}],"collection":[{"href":"https:\/\/nbg.eu\/sv\/wp-json\/wp\/v2\/product"}],"about":[{"href":"https:\/\/nbg.eu\/sv\/wp-json\/wp\/v2\/types\/product"}],"wp:featuredmedia":[{"embeddable":true,"href":"https:\/\/nbg.eu\/sv\/wp-json\/wp\/v2\/media\/238372"}],"wp:attachment":[{"href":"https:\/\/nbg.eu\/sv\/wp-json\/wp\/v2\/media?parent=288610"}],"wp:term":[{"taxonomy":"product_brand","embeddable":true,"href":"https:\/\/nbg.eu\/sv\/wp-json\/wp\/v2\/product_brand?post=288610"},{"taxonomy":"product_cat","embeddable":true,"href":"https:\/\/nbg.eu\/sv\/wp-json\/wp\/v2\/product_cat?post=288610"},{"taxonomy":"product_tag","embeddable":true,"href":"https:\/\/nbg.eu\/sv\/wp-json\/wp\/v2\/product_tag?post=288610"}],"curies":[{"name":"wp","href":"https:\/\/api.w.org\/{rel}","templated":true}]}}