{"id":288764,"date":"2025-03-05T11:15:00","date_gmt":"2025-03-05T08:15:00","guid":{"rendered":"https:\/\/nbg.eu\/prodcut\/magpul-prs-lite-precision-adjustable-stock\/"},"modified":"2026-01-21T11:42:53","modified_gmt":"2026-01-21T08:42:53","slug":"magpul-prs-lite-precision-adjustable-stock","status":"publish","type":"product","link":"https:\/\/nbg.eu\/sv\/produkt\/magpul-prs-lite-precision-adjustable-stock\/","title":{"rendered":"Magpul &#8211; PRS Lite Precision-Adjustable Stock"},"content":{"rendered":"<div class=\"product-description\">\n<h2>Magpul PRS Lite justerbar kolv<\/h2>\n<p>Magpul PRS Lite erbjuder justerbarhet i ett l\u00e4tt paket som v\u00e4ger 530 gram. Kompatibel med Mil-Spec USGI karbinr\u00f6r\/SR25 hopf\u00e4llbara\/A5 f\u00f6rl\u00e4ngningsr\u00f6r f\u00f6r .223 och .308 gev\u00e4r.<\/p>\n<h3>Huvudegenskaper:<\/h3>\n<ul>\n<li>Konstruktion av l\u00e4tt plast och metall<\/li>\n<li>Justerbar kammh\u00f6jd (0-20 mm i 2,5 mm steg)<\/li>\n<li>Justerbar l\u00e4ngd (352-387 mm i 3,5 mm steg)<\/li>\n<li>H\u00f6jd- och vinkeljusterbar halkfri gummikolv<\/li>\n<li>Flera alternativ f\u00f6r remf\u00e4ste<\/li>\n<\/ul>\n<p>PRS Lite \u00e4r utformad enligt milit\u00e4ra standarder. Kolven har en gummikolv med l\u00e5g profil f\u00f6r stabilitet och olika remf\u00e4stalternativ f\u00f6r m\u00e5ngsidighet.<\/p>\n<p><strong>Tillverkad i USA<\/strong><\/p>\n<\/div>\n","protected":false},"excerpt":{"rendered":"<p>L\u00e4tt, justerbar AR-kolv. Exakt kontroll \u00f6ver kindst\u00f6d och l\u00e4ngd.<\/p>\n","protected":false},"featured_media":238467,"template":"","meta":{"_acf_changed":false},"product_brand":[11551],"product_cat":[13053,13049,13014],"product_tag":[],"class_list":{"0":"post-288764","1":"product","2":"type-product","3":"status-publish","4":"has-post-thumbnail","6":"product_brand-magpul","7":"product_cat-gevaer","8":"product_cat-gevaersskolmar","9":"product_cat-gevaerstuning","11":"first","12":"instock","13":"taxable","14":"shipping-taxable","15":"purchasable","16":"product-type-variable","17":"wvs-archive-product-wrapper"},"acf":[],"_links":{"self":[{"href":"https:\/\/nbg.eu\/sv\/wp-json\/wp\/v2\/product\/288764","targetHints":{"allow":["GET"]}}],"collection":[{"href":"https:\/\/nbg.eu\/sv\/wp-json\/wp\/v2\/product"}],"about":[{"href":"https:\/\/nbg.eu\/sv\/wp-json\/wp\/v2\/types\/product"}],"wp:featuredmedia":[{"embeddable":true,"href":"https:\/\/nbg.eu\/sv\/wp-json\/wp\/v2\/media\/238467"}],"wp:attachment":[{"href":"https:\/\/nbg.eu\/sv\/wp-json\/wp\/v2\/media?parent=288764"}],"wp:term":[{"taxonomy":"product_brand","embeddable":true,"href":"https:\/\/nbg.eu\/sv\/wp-json\/wp\/v2\/product_brand?post=288764"},{"taxonomy":"product_cat","embeddable":true,"href":"https:\/\/nbg.eu\/sv\/wp-json\/wp\/v2\/product_cat?post=288764"},{"taxonomy":"product_tag","embeddable":true,"href":"https:\/\/nbg.eu\/sv\/wp-json\/wp\/v2\/product_tag?post=288764"}],"curies":[{"name":"wp","href":"https:\/\/api.w.org\/{rel}","templated":true}]}}