{"id":411904,"date":"2025-05-14T22:52:06","date_gmt":"2025-05-14T19:52:06","guid":{"rendered":"https:\/\/nbg.eu\/product\/grips-kmr-w-dotmatrix-ergo-orange\/"},"modified":"2026-01-21T11:54:58","modified_gmt":"2026-01-21T08:54:58","slug":"grips-kmr-w-dotmatrix-ergo-orange","status":"publish","type":"product","link":"https:\/\/nbg.eu\/sv\/produkt\/grips-kmr-w-dotmatrix-ergo-orange\/","title":{"rendered":"GRIPS KMR W DOTMATRIX ERGO ORANGE"},"content":{"rendered":"<div class=\"product-description\">\n<h2>GREPP KMR W DOTMATRIX ERGO ORANGE<\/h2>\n<p>Dessa grepp i duralumin har ett golfbollsm\u00f6nster f\u00f6r b\u00e4ttre grepp. De passar f\u00f6r KMR-pistoler och \u00e4r kompatibla med KMR W-02 CUDA (till 2023), UMBRA och UMBRA (OR) modeller.<\/p>\n<p><strong>Referens:<\/strong> 0611-03305-0101<\/p>\n<\/div>\n","protected":false},"excerpt":{"rendered":"<p>Ergonomiska orangef\u00e4rgade grepp med punktm\u00f6nster f\u00f6r KMR-pistoler.<\/p>\n","protected":false},"featured_media":359393,"template":"","meta":{"_acf_changed":false},"product_brand":[11511],"product_cat":[13003,14885],"product_tag":[],"class_list":{"0":"post-411904","1":"product","2":"type-product","3":"status-publish","4":"has-post-thumbnail","6":"product_brand-kmr-precision","7":"product_cat-kmr-delar","8":"product_cat-pistol-grips-sv","10":"first","11":"outofstock","12":"taxable","13":"shipping-taxable","14":"purchasable","15":"product-type-simple"},"acf":[],"_links":{"self":[{"href":"https:\/\/nbg.eu\/sv\/wp-json\/wp\/v2\/product\/411904","targetHints":{"allow":["GET"]}}],"collection":[{"href":"https:\/\/nbg.eu\/sv\/wp-json\/wp\/v2\/product"}],"about":[{"href":"https:\/\/nbg.eu\/sv\/wp-json\/wp\/v2\/types\/product"}],"wp:featuredmedia":[{"embeddable":true,"href":"https:\/\/nbg.eu\/sv\/wp-json\/wp\/v2\/media\/359393"}],"wp:attachment":[{"href":"https:\/\/nbg.eu\/sv\/wp-json\/wp\/v2\/media?parent=411904"}],"wp:term":[{"taxonomy":"product_brand","embeddable":true,"href":"https:\/\/nbg.eu\/sv\/wp-json\/wp\/v2\/product_brand?post=411904"},{"taxonomy":"product_cat","embeddable":true,"href":"https:\/\/nbg.eu\/sv\/wp-json\/wp\/v2\/product_cat?post=411904"},{"taxonomy":"product_tag","embeddable":true,"href":"https:\/\/nbg.eu\/sv\/wp-json\/wp\/v2\/product_tag?post=411904"}],"curies":[{"name":"wp","href":"https:\/\/api.w.org\/{rel}","templated":true}]}}