{"id":414898,"date":"2025-07-03T13:22:31","date_gmt":"2025-07-03T10:22:31","guid":{"rendered":"https:\/\/nbg.eu\/product\/grip-kmr-l-dotmatrix-ergo-orange\/"},"modified":"2026-01-21T11:41:28","modified_gmt":"2026-01-21T08:41:28","slug":"grip-kmr-l-dotmatrix-ergo-orange","status":"publish","type":"product","link":"https:\/\/nbg.eu\/sv\/produkt\/grip-kmr-l-dotmatrix-ergo-orange\/","title":{"rendered":"Grip KMR L DOTMATRIX ERGO ORANGE"},"content":{"rendered":"<div class=\"product-description\">\n<h2>Grepp KMR L DOTMATRIX ERGO ORANGE<\/h2>\n<p>KMR Precision Arms DOTMATRIX ERGO-grepp. Detta aluminiumgrepp i full storlek har:<\/p>\n<ul>\n<li>Ergonomisk handsv\u00e4llning f\u00f6r \u00f6kad komfort<\/li>\n<li>Orange f\u00e4rg f\u00f6r synlighet<\/li>\n<li>Utformad utan magasinbrunn f\u00f6r m\u00e5ngsidighet<\/li>\n<li>Konstruerad f\u00f6r prestanda<\/li>\n<\/ul>\n<p>Referens: 0611-04001-0105<\/p>\n<\/div>\n","protected":false},"excerpt":{"rendered":"<p>Ergonomiska aluminiumgrepp med handsv\u00e4llning f\u00f6r KMR-pistoler.<\/p>\n","protected":false},"featured_media":359485,"template":"","meta":{"_acf_changed":false},"product_brand":[11511],"product_cat":[13003,14885],"product_tag":[],"class_list":{"0":"post-414898","1":"product","2":"type-product","3":"status-publish","4":"has-post-thumbnail","6":"product_brand-kmr-precision","7":"product_cat-kmr-delar","8":"product_cat-pistol-grips-sv","10":"first","11":"instock","12":"taxable","13":"shipping-taxable","14":"purchasable","15":"product-type-simple"},"acf":[],"_links":{"self":[{"href":"https:\/\/nbg.eu\/sv\/wp-json\/wp\/v2\/product\/414898","targetHints":{"allow":["GET"]}}],"collection":[{"href":"https:\/\/nbg.eu\/sv\/wp-json\/wp\/v2\/product"}],"about":[{"href":"https:\/\/nbg.eu\/sv\/wp-json\/wp\/v2\/types\/product"}],"wp:featuredmedia":[{"embeddable":true,"href":"https:\/\/nbg.eu\/sv\/wp-json\/wp\/v2\/media\/359485"}],"wp:attachment":[{"href":"https:\/\/nbg.eu\/sv\/wp-json\/wp\/v2\/media?parent=414898"}],"wp:term":[{"taxonomy":"product_brand","embeddable":true,"href":"https:\/\/nbg.eu\/sv\/wp-json\/wp\/v2\/product_brand?post=414898"},{"taxonomy":"product_cat","embeddable":true,"href":"https:\/\/nbg.eu\/sv\/wp-json\/wp\/v2\/product_cat?post=414898"},{"taxonomy":"product_tag","embeddable":true,"href":"https:\/\/nbg.eu\/sv\/wp-json\/wp\/v2\/product_tag?post=414898"}],"curies":[{"name":"wp","href":"https:\/\/api.w.org\/{rel}","templated":true}]}}