{"id":44534,"date":"2024-08-18T12:39:07","date_gmt":"2024-08-18T09:39:07","guid":{"rendered":"https:\/\/nbg.eu\/product\/daa-pcc-magzine-pouch-type-glock\/"},"modified":"2026-01-21T12:09:55","modified_gmt":"2026-01-21T09:09:55","slug":"daa-pcc-magzine-pouch-type-glock","status":"publish","type":"product","link":"https:\/\/nbg.eu\/sv\/produkt\/daa-pcc-magzine-pouch-type-glock\/","title":{"rendered":"Daa Pcc Magzine Pouch &#8211; Type Glock"},"content":{"rendered":"<h2>DAA PCC Magasinsh\u00e5llare &#8211; Typ Glock<\/h2>\n<p>H\u00f6j din Pistol Caliber Carbine (PCC)-niv\u00e5 med DAA PCC Magasinsh\u00e5llare, speciellt utformad f\u00f6r Glock-magasin. Denna skr\u00e4ddarsydda h\u00e5llare tar itu med de unika utmaningarna i IPSC- och USPSA-t\u00e4vlingar.<\/p>\n<ul>\n<li>T\u00e5lig konstruktion av fiberf\u00f6rst\u00e4rkt nylon<\/li>\n<li>Extra l\u00e5ng design (12cm\/4,75&#8243;) f\u00f6r s\u00e4ker h\u00e5llning av 40-50 skotts magasin<\/li>\n<li>Justerbar retentionskraft med tv\u00e5 skruvar<\/li>\n<li>Fr\u00e4mre utsk\u00e4rningsf\u00f6nster f\u00f6r snabbare drag<\/li>\n<li>Avfasad \u00f6vre kant f\u00f6r snabbare omladdningar<\/li>\n<li>Ambidextr\u00f6s design med flera h\u00f6jdpositioner<\/li>\n<li>Stor kulledsf\u00e4ste f\u00f6r h\u00e5llbarhet<\/li>\n<li>H\u00e5ller magasin med kulorna pekande bak\u00e5t f\u00f6r &#8221;knytn\u00e4vsgrepp&#8221; vid omladdning<\/li>\n<\/ul>\n<p>Optimera din PCC-prestanda med denna \u00e4ndam\u00e5lsbyggda magasinsh\u00e5llare fr\u00e5n Double-Alpha.<\/p>\n","protected":false},"excerpt":{"rendered":"<p>PCC Magasinsficka f\u00f6r Glock: Skr\u00e4ddarsydd, s\u00e4ker, snabba omladdningar.<\/p>\n","protected":false},"featured_media":28423,"template":"","meta":{"_acf_changed":false},"product_brand":[11276],"product_cat":[13051,13044,13061],"product_tag":[],"class_list":{"0":"post-44534","1":"product","2":"type-product","3":"status-publish","4":"has-post-thumbnail","6":"product_brand-doublealpha","7":"product_cat-fickor","8":"product_cat-magasinhallare","9":"product_cat-utrustning","11":"first","12":"outofstock","13":"taxable","14":"shipping-taxable","15":"purchasable","16":"product-type-simple"},"acf":[],"_links":{"self":[{"href":"https:\/\/nbg.eu\/sv\/wp-json\/wp\/v2\/product\/44534","targetHints":{"allow":["GET"]}}],"collection":[{"href":"https:\/\/nbg.eu\/sv\/wp-json\/wp\/v2\/product"}],"about":[{"href":"https:\/\/nbg.eu\/sv\/wp-json\/wp\/v2\/types\/product"}],"wp:featuredmedia":[{"embeddable":true,"href":"https:\/\/nbg.eu\/sv\/wp-json\/wp\/v2\/media\/28423"}],"wp:attachment":[{"href":"https:\/\/nbg.eu\/sv\/wp-json\/wp\/v2\/media?parent=44534"}],"wp:term":[{"taxonomy":"product_brand","embeddable":true,"href":"https:\/\/nbg.eu\/sv\/wp-json\/wp\/v2\/product_brand?post=44534"},{"taxonomy":"product_cat","embeddable":true,"href":"https:\/\/nbg.eu\/sv\/wp-json\/wp\/v2\/product_cat?post=44534"},{"taxonomy":"product_tag","embeddable":true,"href":"https:\/\/nbg.eu\/sv\/wp-json\/wp\/v2\/product_tag?post=44534"}],"curies":[{"name":"wp","href":"https:\/\/api.w.org\/{rel}","templated":true}]}}