{"id":44722,"date":"2024-08-18T12:36:21","date_gmt":"2024-08-18T09:36:21","guid":{"rendered":"https:\/\/nbg.eu\/product\/ced-deluxe-quick-patch-tape-gun\/"},"modified":"2026-01-21T11:42:34","modified_gmt":"2026-01-21T08:42:34","slug":"ced-deluxe-quick-patch-tape-gun","status":"publish","type":"product","link":"https:\/\/nbg.eu\/sv\/produkt\/ced-deluxe-quick-patch-tape-gun\/","title":{"rendered":"Ced Deluxe Quick Patch Tape Gun"},"content":{"rendered":"<p>H\u00e4r presenterar vi CED Deluxe Quick Patch Tape Gun: Den ultimata l\u00f6sningen f\u00f6r att lappa m\u00e5lh\u00e5l!<\/p>\n<ul>\n<li>Snabbare och enklare \u00e4n manuell lappning<\/li>\n<li>Kompatibel med de flesta fullstora lappar<\/li>\n<li>Enkel kl\u00e4m-och-sl\u00e4pp-funktion<\/li>\n<li>L\u00e4tt att sikta, anv\u00e4nda och ladda om<\/li>\n<li>\u00d6kar effektiviteten och sparar tid<\/li>\n<li>Rolig och anstr\u00e4ngningsl\u00f6s att anv\u00e4nda<\/li>\n<\/ul>\n<p>Uppgradera din m\u00e5lskytte med CED Deluxe Tape Gun &#8211; allt-i-ett-verktyget f\u00f6r snabb och effektiv lappning!<\/p>\n","protected":false},"excerpt":{"rendered":"<p>Effektivt m\u00e5ltavle-lappverktyg. Enkelt att anv\u00e4nda, ladda och sikta. Roligt!<\/p>\n","protected":false},"featured_media":27526,"template":"","meta":{"_acf_changed":false},"product_brand":[11276],"product_cat":[13009,12988,13057],"product_tag":[],"class_list":{"0":"post-44722","1":"product","2":"type-product","3":"status-publish","4":"has-post-thumbnail","6":"product_brand-doublealpha","7":"product_cat-mal","8":"product_cat-pappersmal","9":"product_cat-rengoeringslappar-och-lappverktyg","11":"first","12":"instock","13":"taxable","14":"shipping-taxable","15":"purchasable","16":"product-type-simple"},"acf":[],"_links":{"self":[{"href":"https:\/\/nbg.eu\/sv\/wp-json\/wp\/v2\/product\/44722","targetHints":{"allow":["GET"]}}],"collection":[{"href":"https:\/\/nbg.eu\/sv\/wp-json\/wp\/v2\/product"}],"about":[{"href":"https:\/\/nbg.eu\/sv\/wp-json\/wp\/v2\/types\/product"}],"wp:featuredmedia":[{"embeddable":true,"href":"https:\/\/nbg.eu\/sv\/wp-json\/wp\/v2\/media\/27526"}],"wp:attachment":[{"href":"https:\/\/nbg.eu\/sv\/wp-json\/wp\/v2\/media?parent=44722"}],"wp:term":[{"taxonomy":"product_brand","embeddable":true,"href":"https:\/\/nbg.eu\/sv\/wp-json\/wp\/v2\/product_brand?post=44722"},{"taxonomy":"product_cat","embeddable":true,"href":"https:\/\/nbg.eu\/sv\/wp-json\/wp\/v2\/product_cat?post=44722"},{"taxonomy":"product_tag","embeddable":true,"href":"https:\/\/nbg.eu\/sv\/wp-json\/wp\/v2\/product_tag?post=44722"}],"curies":[{"name":"wp","href":"https:\/\/api.w.org\/{rel}","templated":true}]}}