{"id":44766,"date":"2024-08-18T12:35:48","date_gmt":"2024-08-18T09:35:48","guid":{"rendered":"https:\/\/nbg.eu\/product\/uspsa-metric-cardboard-targets-white-back\/"},"modified":"2026-01-21T11:58:40","modified_gmt":"2026-01-21T08:58:40","slug":"uspsa-metric-cardboard-targets-white-back","status":"publish","type":"product","link":"https:\/\/nbg.eu\/sv\/produkt\/uspsa-metric-cardboard-targets-white-back\/","title":{"rendered":"Uspsa Metric Cardboard Targets White Back"},"content":{"rendered":"<p>\n100 h\u00f6gkvalitativa USPSA\/Metriska pappm\u00e5l. Bruna p\u00e5 ena sidan, vita (icke-skjut) p\u00e5 baksidan. Uppfyller exakta USPSA-dimensioner och krav.<\/p>\n","protected":false},"excerpt":{"rendered":"<p>USPSA Metriska M\u00e5ltavlor: 100 dubbelsidiga pappm\u00e5ltavlor f\u00f6r tr\u00e4ning.<\/p>\n","protected":false},"featured_media":27434,"template":"","meta":{"_acf_changed":false},"product_brand":[],"product_cat":[13009,12988],"product_tag":[],"class_list":{"0":"post-44766","1":"product","2":"type-product","3":"status-publish","4":"has-post-thumbnail","6":"product_cat-mal","7":"product_cat-pappersmal","9":"first","10":"outofstock","11":"taxable","12":"shipping-taxable","13":"purchasable","14":"product-type-simple"},"acf":[],"_links":{"self":[{"href":"https:\/\/nbg.eu\/sv\/wp-json\/wp\/v2\/product\/44766","targetHints":{"allow":["GET"]}}],"collection":[{"href":"https:\/\/nbg.eu\/sv\/wp-json\/wp\/v2\/product"}],"about":[{"href":"https:\/\/nbg.eu\/sv\/wp-json\/wp\/v2\/types\/product"}],"wp:featuredmedia":[{"embeddable":true,"href":"https:\/\/nbg.eu\/sv\/wp-json\/wp\/v2\/media\/27434"}],"wp:attachment":[{"href":"https:\/\/nbg.eu\/sv\/wp-json\/wp\/v2\/media?parent=44766"}],"wp:term":[{"taxonomy":"product_brand","embeddable":true,"href":"https:\/\/nbg.eu\/sv\/wp-json\/wp\/v2\/product_brand?post=44766"},{"taxonomy":"product_cat","embeddable":true,"href":"https:\/\/nbg.eu\/sv\/wp-json\/wp\/v2\/product_cat?post=44766"},{"taxonomy":"product_tag","embeddable":true,"href":"https:\/\/nbg.eu\/sv\/wp-json\/wp\/v2\/product_tag?post=44766"}],"curies":[{"name":"wp","href":"https:\/\/api.w.org\/{rel}","templated":true}]}}