{"id":44814,"date":"2024-08-18T12:35:16","date_gmt":"2024-08-18T09:35:16","guid":{"rendered":"https:\/\/nbg.eu\/product\/daa-4-pack-magnetic-collars-for-primer-tube\/"},"modified":"2026-05-13T16:47:25","modified_gmt":"2026-05-13T13:47:25","slug":"daa-4-pack-magnetic-collars-for-primer-tube","status":"publish","type":"product","link":"https:\/\/nbg.eu\/sv\/produkt\/daa-4-pack-magnetic-collars-for-primer-tube\/","title":{"rendered":"Daa 4-Pack Magnetic Collars For Primer Tube"},"content":{"rendered":"<div class=\"product-description\">\n<h2>DAA 4-pack Magnetiska Kragar F\u00f6r T\u00e4ndhattsr\u00f6r<\/h2>\n<p>F\u00f6rb\u00e4ttra din omladdningseffektivitet med DAA 4-pack Magnetiska Kragar, speciellt utformade f\u00f6r anv\u00e4ndning med Dillon uppsamlingsr\u00f6r och PRIMER-PRO t\u00e4ndhattsorterare.<\/p>\n<ul>\n<li>Setet inneh\u00e5ller 4 polymerkragar med s\u00e4krade magneter och st\u00e4llskruvar<\/li>\n<li>Kompatibla med Dillon t\u00e4ndhattsr\u00f6r<\/li>\n<li>Perfekt f\u00f6r att f\u00f6rfylla flera r\u00f6r innan omladdningssessioner<\/li>\n<li>Eliminerar behovet av att ofta \u00e5terv\u00e4nda till PRIMER-PRO-enheten<\/li>\n<li>Perfekt komplement till PRIMER-PRO, som levereras med en Magnetisk Krage<\/li>\n<\/ul>\n<p><strong>Obs:<\/strong> T\u00e4ndhattsr\u00f6r ing\u00e5r INTE.<\/p>\n<p>Optimera ditt omladdningsarbetsfl\u00f6de och spara tid med dessa extra Magnetiska Kragar, som l\u00e5ter dig f\u00f6rbereda flera t\u00e4ndhattsr\u00f6r i f\u00f6rv\u00e4g.<\/p>\n<\/div>\n","protected":false},"excerpt":{"rendered":"<p>4 magnetiska kragar f\u00f6r Dillon primertuber. Anv\u00e4nd tillsammans med PRIMER-PRO.<\/p>\n","protected":false},"featured_media":27365,"template":"","meta":{"_acf_changed":false},"product_brand":[11276],"product_cat":[13039,13028],"product_tag":[],"class_list":{"0":"post-44814","1":"product","2":"type-product","3":"status-publish","4":"has-post-thumbnail","6":"product_brand-doublealpha","7":"product_cat-omladdning","8":"product_cat-omladdningstillbehoer","10":"first","11":"outofstock","12":"taxable","13":"shipping-taxable","14":"purchasable","15":"product-type-simple"},"acf":[],"_links":{"self":[{"href":"https:\/\/nbg.eu\/sv\/wp-json\/wp\/v2\/product\/44814","targetHints":{"allow":["GET"]}}],"collection":[{"href":"https:\/\/nbg.eu\/sv\/wp-json\/wp\/v2\/product"}],"about":[{"href":"https:\/\/nbg.eu\/sv\/wp-json\/wp\/v2\/types\/product"}],"wp:featuredmedia":[{"embeddable":true,"href":"https:\/\/nbg.eu\/sv\/wp-json\/wp\/v2\/media\/27365"}],"wp:attachment":[{"href":"https:\/\/nbg.eu\/sv\/wp-json\/wp\/v2\/media?parent=44814"}],"wp:term":[{"taxonomy":"product_brand","embeddable":true,"href":"https:\/\/nbg.eu\/sv\/wp-json\/wp\/v2\/product_brand?post=44814"},{"taxonomy":"product_cat","embeddable":true,"href":"https:\/\/nbg.eu\/sv\/wp-json\/wp\/v2\/product_cat?post=44814"},{"taxonomy":"product_tag","embeddable":true,"href":"https:\/\/nbg.eu\/sv\/wp-json\/wp\/v2\/product_tag?post=44814"}],"curies":[{"name":"wp","href":"https:\/\/api.w.org\/{rel}","templated":true}]}}