{"id":45034,"date":"2024-08-18T12:29:56","date_gmt":"2024-08-18T09:29:56","guid":{"rendered":"https:\/\/nbg.eu\/product\/buckle-kit-lynx\/"},"modified":"2026-05-13T16:50:53","modified_gmt":"2026-05-13T13:50:53","slug":"buckle-kit-lynx","status":"publish","type":"product","link":"https:\/\/nbg.eu\/sv\/produkt\/buckle-kit-lynx\/","title":{"rendered":"Buckle Kit &#8211; Lynx"},"content":{"rendered":"<div class=\"product-description\">\n<h2>Sp\u00e4nneset &#8211; Lynx<\/h2>\n<p>Uppgradera ditt Lynx-b\u00e4lte med v\u00e5rt f\u00e4rdiga Sp\u00e4nneset! Detta omfattande paket inneh\u00e5ller:<\/p>\n<ul>\n<li>F\u00e4rdigmonterat Lynx-sp\u00e4nne<\/li>\n<li>Lynx-b\u00e4ltets \u00e4ndstycke<\/li>\n<li>50 rullstift f\u00f6r b\u00e4ltesmontering<\/li>\n<li>Extra O-ring i silikon<\/li>\n<li>Specialdesignat st\u00e5lminiatyrverktyg<\/li>\n<\/ul>\n<p>F\u00e4st helt enkelt det f\u00f6rmonterade sp\u00e4nnet p\u00e5 ditt Lynx-b\u00e4lte f\u00f6r omedelbar anv\u00e4ndning. V\u00e5rt set inneh\u00e5ller allt du beh\u00f6ver f\u00f6r en snabb och problemfri b\u00e4ltesuppgradering.<\/p>\n<\/div>\n","protected":false},"excerpt":{"rendered":"<p>F\u00e4rdig Lynx-sp\u00e4nnessats med verktyg f\u00f6r enkel b\u00e4ltesmontering.<\/p>\n","protected":false},"featured_media":26790,"template":"","meta":{"_acf_changed":false},"product_brand":[11276],"product_cat":[12987],"product_tag":[],"class_list":{"0":"post-45034","1":"product","2":"type-product","3":"status-publish","4":"has-post-thumbnail","6":"product_brand-doublealpha","7":"product_cat-sportbaelten","9":"first","10":"instock","11":"taxable","12":"shipping-taxable","13":"purchasable","14":"product-type-simple"},"acf":[],"_links":{"self":[{"href":"https:\/\/nbg.eu\/sv\/wp-json\/wp\/v2\/product\/45034","targetHints":{"allow":["GET"]}}],"collection":[{"href":"https:\/\/nbg.eu\/sv\/wp-json\/wp\/v2\/product"}],"about":[{"href":"https:\/\/nbg.eu\/sv\/wp-json\/wp\/v2\/types\/product"}],"wp:featuredmedia":[{"embeddable":true,"href":"https:\/\/nbg.eu\/sv\/wp-json\/wp\/v2\/media\/26790"}],"wp:attachment":[{"href":"https:\/\/nbg.eu\/sv\/wp-json\/wp\/v2\/media?parent=45034"}],"wp:term":[{"taxonomy":"product_brand","embeddable":true,"href":"https:\/\/nbg.eu\/sv\/wp-json\/wp\/v2\/product_brand?post=45034"},{"taxonomy":"product_cat","embeddable":true,"href":"https:\/\/nbg.eu\/sv\/wp-json\/wp\/v2\/product_cat?post=45034"},{"taxonomy":"product_tag","embeddable":true,"href":"https:\/\/nbg.eu\/sv\/wp-json\/wp\/v2\/product_tag?post=45034"}],"curies":[{"name":"wp","href":"https:\/\/api.w.org\/{rel}","templated":true}]}}