{"id":45100,"date":"2024-08-18T12:28:23","date_gmt":"2024-08-18T09:28:23","guid":{"rendered":"https:\/\/nbg.eu\/product\/daa-reloading-press-tool-holder\/"},"modified":"2026-05-13T16:03:27","modified_gmt":"2026-05-13T13:03:27","slug":"daa-reloading-press-tool-holder","status":"publish","type":"product","link":"https:\/\/nbg.eu\/sv\/produkt\/daa-reloading-press-tool-holder\/","title":{"rendered":"Daa Reloading-Press Tool-Holder"},"content":{"rendered":"<div class=\"product-description\">\n<h2>DAA Laddpress Verktygsh\u00e5llare<\/h2>\n<p>Organisera dina laddverktyg med denna praktiska h\u00e5llare! Utformad f\u00f6r Dillon RL1100\/1050\/750\/650 pressar, monteras den enkelt p\u00e5 1&#8243; fyrkantiga eller runda r\u00f6r.<\/p>\n<ul>\n<li>H\u00e5llbar konstruktion av glasfiberf\u00f6rst\u00e4rkt nylon<\/li>\n<li>Gummif\u00e4rgsbel\u00e4ggning f\u00f6r attraktiv finish<\/li>\n<li>Rymmer 7 insexnycklar, skruvnyckel f\u00f6r matriser och 3 ytterligare verktyg<\/li>\n<li>Stort utrymme f\u00f6r f\u00f6rvaring av sm\u00e5delar<\/li>\n<li>Inbyggd magnet f\u00f6r att h\u00e5lla metallf\u00f6rem\u00e5l<\/li>\n<\/ul>\n<p>F\u00f6rb\u00e4ttra din laddningsutrustning med denna m\u00e5ngsidiga verktygsh\u00e5llare! (Verktyg ing\u00e5r ej)<\/p>\n<\/div>\n","protected":false},"excerpt":{"rendered":"<p>M\u00e5ngsidig pressmonterad h\u00e5llare f\u00f6r omladdningsverktyg och delar.<\/p>\n","protected":false},"featured_media":26583,"template":"","meta":{"_acf_changed":false},"product_brand":[11276],"product_cat":[13039,13028],"product_tag":[],"class_list":{"0":"post-45100","1":"product","2":"type-product","3":"status-publish","4":"has-post-thumbnail","6":"product_brand-doublealpha","7":"product_cat-omladdning","8":"product_cat-omladdningstillbehoer","10":"first","11":"outofstock","12":"taxable","13":"shipping-taxable","14":"purchasable","15":"product-type-simple"},"acf":[],"_links":{"self":[{"href":"https:\/\/nbg.eu\/sv\/wp-json\/wp\/v2\/product\/45100","targetHints":{"allow":["GET"]}}],"collection":[{"href":"https:\/\/nbg.eu\/sv\/wp-json\/wp\/v2\/product"}],"about":[{"href":"https:\/\/nbg.eu\/sv\/wp-json\/wp\/v2\/types\/product"}],"wp:featuredmedia":[{"embeddable":true,"href":"https:\/\/nbg.eu\/sv\/wp-json\/wp\/v2\/media\/26583"}],"wp:attachment":[{"href":"https:\/\/nbg.eu\/sv\/wp-json\/wp\/v2\/media?parent=45100"}],"wp:term":[{"taxonomy":"product_brand","embeddable":true,"href":"https:\/\/nbg.eu\/sv\/wp-json\/wp\/v2\/product_brand?post=45100"},{"taxonomy":"product_cat","embeddable":true,"href":"https:\/\/nbg.eu\/sv\/wp-json\/wp\/v2\/product_cat?post=45100"},{"taxonomy":"product_tag","embeddable":true,"href":"https:\/\/nbg.eu\/sv\/wp-json\/wp\/v2\/product_tag?post=45100"}],"curies":[{"name":"wp","href":"https:\/\/api.w.org\/{rel}","templated":true}]}}