{"id":45507,"date":"2024-08-16T17:52:19","date_gmt":"2024-08-16T17:52:19","guid":{"rendered":"https:\/\/nbg.eu\/product\/rhh-backpack\/"},"modified":"2026-01-21T12:01:47","modified_gmt":"2026-01-21T09:01:47","slug":"rhh-backpack","status":"publish","type":"product","link":"https:\/\/nbg.eu\/sv\/produkt\/rhh-backpack\/","title":{"rendered":"RHH Backpack"},"content":{"rendered":"<div class=\"product-description\">\n<h2>RHH Skjutryggs\u00e4ck<\/h2>\n<p>Designad av skyttar f\u00f6r skyttar, RHH-ryggs\u00e4cken \u00e4r perfekt f\u00f6r flerdagarslopp, oavsett om du anv\u00e4nder ett eller tv\u00e5 vapen.<\/p>\n<ul>\n<li>Huvudvapenficka med l\u00e5ssystem f\u00f6r enkel \u00e5tkomst<\/li>\n<li>Uppfyller IPSC-regler<\/li>\n<li>Kardborrepanel och MOLLE-f\u00e4sten f\u00f6r tillbeh\u00f6r<\/li>\n<li>Gott om f\u00f6rvaringsutrymme med organiserade fack<\/li>\n<li>Magasinficka rymmer 30-skottsmagasin med f\u00f6rl\u00e4ngda bottenplattor<\/li>\n<li>Avtagbara remmar fungerar \u00e4ven som skjutv\u00e4ska<\/li>\n<\/ul>\n<p>Storlek: 100cm x 40cm x 20cm<br \/>\n  Gev\u00e4rsficka: upp till 95cm<br \/>\n  Vikt: 2,9 kg<\/p>\n<p>Packa smart, skjut b\u00e4ttre med RHH Skjutryggs\u00e4ck!<\/p>\n<\/div>\n","protected":false},"excerpt":{"rendered":"<p>RHH Ryggs\u00e4ck: Skytt-designad, m\u00e5ngsidig, redo f\u00f6r flerdagars t\u00e4vling.<\/p>\n","protected":false},"featured_media":22685,"template":"","meta":{"_acf_changed":false},"product_brand":[11645],"product_cat":[12997],"product_tag":[],"class_list":{"0":"post-45507","1":"product","2":"type-product","3":"status-publish","4":"has-post-thumbnail","6":"product_brand-rh-holsters","7":"product_cat-ryggsaeckar","9":"first","10":"instock","11":"taxable","12":"shipping-taxable","13":"purchasable","14":"product-type-simple"},"acf":[],"_links":{"self":[{"href":"https:\/\/nbg.eu\/sv\/wp-json\/wp\/v2\/product\/45507","targetHints":{"allow":["GET"]}}],"collection":[{"href":"https:\/\/nbg.eu\/sv\/wp-json\/wp\/v2\/product"}],"about":[{"href":"https:\/\/nbg.eu\/sv\/wp-json\/wp\/v2\/types\/product"}],"wp:featuredmedia":[{"embeddable":true,"href":"https:\/\/nbg.eu\/sv\/wp-json\/wp\/v2\/media\/22685"}],"wp:attachment":[{"href":"https:\/\/nbg.eu\/sv\/wp-json\/wp\/v2\/media?parent=45507"}],"wp:term":[{"taxonomy":"product_brand","embeddable":true,"href":"https:\/\/nbg.eu\/sv\/wp-json\/wp\/v2\/product_brand?post=45507"},{"taxonomy":"product_cat","embeddable":true,"href":"https:\/\/nbg.eu\/sv\/wp-json\/wp\/v2\/product_cat?post=45507"},{"taxonomy":"product_tag","embeddable":true,"href":"https:\/\/nbg.eu\/sv\/wp-json\/wp\/v2\/product_tag?post=45507"}],"curies":[{"name":"wp","href":"https:\/\/api.w.org\/{rel}","templated":true}]}}