{"id":45741,"date":"2024-08-03T14:57:22","date_gmt":"2024-09-10T14:57:11","guid":{"rendered":"https:\/\/nbg.eu\/product\/rh-sport-pistol-mag-holder\/"},"modified":"2026-05-13T16:41:32","modified_gmt":"2026-05-13T13:41:32","slug":"rh-sport-pistol-mag-holder","status":"publish","type":"product","link":"https:\/\/nbg.eu\/sv\/produkt\/rh-sport-pistol-mag-holder\/","title":{"rendered":"RH Sport Pistol Mag Holder"},"content":{"rendered":"<p>RH Sport Pistol Mag Holder \u00e4r en f\u00f6rstklassig l\u00f6sning f\u00f6r b\u00e4rande utanp\u00e5 byxlinningen, l\u00e4mplig f\u00f6r dolt b\u00e4rande och anv\u00e4ndning p\u00e5 skjutbanan. Den har f\u00f6ljande egenskaper:<\/p>\n<ul>\n<li>Vakuumpressad 2 mm Kydex-konstruktion<\/li>\n<li>Exakt passform f\u00f6r b\u00e4rande av en eller tv\u00e5 magasin<\/li>\n<li>Skarpa f\u00f6rdjupningar med sl\u00e4ta, handskurna kanter<\/li>\n<li>H\u00e5llbar konstruktion med ih\u00e5liga nitar<\/li>\n<li>L\u00e4tt \u00e5tkomst f\u00f6r snabba omladdningar<\/li>\n<\/ul>\n<p>Utformad f\u00f6r komfort och p\u00e5litlighet, \u00e4r den det perfekta tillbeh\u00f6ret till ditt skjutvapen.<\/p>\n","protected":false},"excerpt":{"rendered":"<p>S\u00e4ker OWB Kydex magasinh\u00e5llare f\u00f6r snabb \u00e5tkomst p\u00e5 skjutbanan eller f\u00f6r dolt b\u00e4rande.<\/p>\n","protected":false},"featured_media":45742,"template":"","meta":{"_acf_changed":false},"product_brand":[11645],"product_cat":[13059,13044],"product_tag":[],"class_list":{"0":"post-45741","1":"product","2":"type-product","3":"status-publish","4":"has-post-thumbnail","6":"product_brand-rh-holsters","7":"product_cat-hoelster","8":"product_cat-magasinhallare","10":"first","11":"instock","12":"taxable","13":"shipping-taxable","14":"purchasable","15":"product-type-variable","16":"wvs-archive-product-wrapper"},"acf":[],"_links":{"self":[{"href":"https:\/\/nbg.eu\/sv\/wp-json\/wp\/v2\/product\/45741","targetHints":{"allow":["GET"]}}],"collection":[{"href":"https:\/\/nbg.eu\/sv\/wp-json\/wp\/v2\/product"}],"about":[{"href":"https:\/\/nbg.eu\/sv\/wp-json\/wp\/v2\/types\/product"}],"wp:featuredmedia":[{"embeddable":true,"href":"https:\/\/nbg.eu\/sv\/wp-json\/wp\/v2\/media\/45742"}],"wp:attachment":[{"href":"https:\/\/nbg.eu\/sv\/wp-json\/wp\/v2\/media?parent=45741"}],"wp:term":[{"taxonomy":"product_brand","embeddable":true,"href":"https:\/\/nbg.eu\/sv\/wp-json\/wp\/v2\/product_brand?post=45741"},{"taxonomy":"product_cat","embeddable":true,"href":"https:\/\/nbg.eu\/sv\/wp-json\/wp\/v2\/product_cat?post=45741"},{"taxonomy":"product_tag","embeddable":true,"href":"https:\/\/nbg.eu\/sv\/wp-json\/wp\/v2\/product_tag?post=45741"}],"curies":[{"name":"wp","href":"https:\/\/api.w.org\/{rel}","templated":true}]}}