{"id":48692,"date":"2024-07-29T22:00:12","date_gmt":"2024-07-29T19:00:12","guid":{"rendered":"https:\/\/nbg.eu\/product\/ten-speed-single-pistol-mag-pouch\/"},"modified":"2026-05-13T17:05:13","modified_gmt":"2026-05-13T14:05:13","slug":"ten-speed-single-pistol-mag-pouch","status":"publish","type":"product","link":"https:\/\/nbg.eu\/sv\/produkt\/ten-speed-single-pistol-mag-pouch\/","title":{"rendered":"Ten-Speed\u00ae Single Pistol Mag Pouch"},"content":{"rendered":"<h2>Ten-Speed\u00ae Pistolmagasinficka f\u00f6r enstaka magasin<\/h2>\n<p>V\u00e5r Ten-Speed\u00ae Pistolmagasinficka f\u00f6r enstaka magasin \u00e4r utformad f\u00f6r taktisk anv\u00e4ndning. Denna ficka rymmer:<\/p>\n<ul>\n<li>Enstaka eller dubbla pistolmagasin (upp till HK 45)<\/li>\n<li>Multiverktyg<\/li>\n<li>Ficklampor<\/li>\n<li>Knivar<\/li>\n<li>Sm\u00e5 OC-sprayer<\/li>\n<\/ul>\n<p>Fickan \u00e4r tillverkad av elastiskt material och ULTRAcomp\u2122. Den ligger platt n\u00e4r den inte anv\u00e4nds. Helium Whisper\u00ae f\u00e4stsystemet \u00e4r kompatibelt med MOLLE och minskar vikten med upp till 60%.<\/p>\n<p>Storlek: 0,3175 cm x 5,08 cm x 10,16 cm (2&#215;1 MOLLE-f\u00e4lt kr\u00e4vs)<\/p>\n<p>Fickan erbjuder f\u00f6rb\u00e4ttrad h\u00e5llbarhet och retention.<\/p>\n","protected":false},"excerpt":{"rendered":"<p>Snabb\u00e5tkomst, ultral\u00e4ttvikts pistolmagasinsh\u00e5llare f\u00f6r enkla\/dubbla magasin.<\/p>\n","protected":false},"featured_media":34000,"template":"","meta":{"_acf_changed":false},"product_brand":[11143],"product_cat":[13059,13044],"product_tag":[],"class_list":{"0":"post-48692","1":"product","2":"type-product","3":"status-publish","4":"has-post-thumbnail","6":"product_brand-blue-force-gear","7":"product_cat-hoelster","8":"product_cat-magasinhallare","10":"first","11":"instock","12":"taxable","13":"shipping-taxable","14":"purchasable","15":"product-type-variable","16":"wvs-archive-product-wrapper"},"acf":[],"_links":{"self":[{"href":"https:\/\/nbg.eu\/sv\/wp-json\/wp\/v2\/product\/48692","targetHints":{"allow":["GET"]}}],"collection":[{"href":"https:\/\/nbg.eu\/sv\/wp-json\/wp\/v2\/product"}],"about":[{"href":"https:\/\/nbg.eu\/sv\/wp-json\/wp\/v2\/types\/product"}],"wp:featuredmedia":[{"embeddable":true,"href":"https:\/\/nbg.eu\/sv\/wp-json\/wp\/v2\/media\/34000"}],"wp:attachment":[{"href":"https:\/\/nbg.eu\/sv\/wp-json\/wp\/v2\/media?parent=48692"}],"wp:term":[{"taxonomy":"product_brand","embeddable":true,"href":"https:\/\/nbg.eu\/sv\/wp-json\/wp\/v2\/product_brand?post=48692"},{"taxonomy":"product_cat","embeddable":true,"href":"https:\/\/nbg.eu\/sv\/wp-json\/wp\/v2\/product_cat?post=48692"},{"taxonomy":"product_tag","embeddable":true,"href":"https:\/\/nbg.eu\/sv\/wp-json\/wp\/v2\/product_tag?post=48692"}],"curies":[{"name":"wp","href":"https:\/\/api.w.org\/{rel}","templated":true}]}}