{"id":51844,"date":"2024-03-13T08:48:23","date_gmt":"2024-03-13T05:48:23","guid":{"rendered":"https:\/\/nbg.eu\/product\/bore-tech-c4-carbon-remover-4-oz\/"},"modified":"2026-05-13T15:05:36","modified_gmt":"2026-05-13T12:05:36","slug":"bore-tech-c4-carbon-remover-4-oz","status":"publish","type":"product","link":"https:\/\/nbg.eu\/sv\/produkt\/bore-tech-c4-carbon-remover-4-oz\/","title":{"rendered":"Bore Tech C4 Carbon Remover"},"content":{"rendered":"<div class=\"product-description\">\n<h2>Bore Tech C4 Kolborttagare &#8211; 120 ml<\/h2>\n<p>Bore Tech C4 Kolborttagare \u00e4r en formel som avl\u00e4gsnar kraftig kolavlagring utan de risker, giftighet eller lukter som finns i andra reng\u00f6ringsmedel. Den \u00e4r 100% s\u00e4ker f\u00f6r pipor, icke-farlig och ammoniakfri. Den kan anv\u00e4ndas p\u00e5 pipor, slutstycken och andra delar.<\/p>\n<\/div>\n","protected":false},"excerpt":{"rendered":"<p>Kraftfull, s\u00e4ker karbonborttagare f\u00f6r skjutvapen. Snabb och effektiv.<\/p>\n","protected":false},"featured_media":745847,"template":"","meta":{"_acf_changed":false},"product_brand":[11162],"product_cat":[13068,12995],"product_tag":[],"class_list":{"0":"post-51844","1":"product","2":"type-product","3":"status-publish","4":"has-post-thumbnail","6":"product_brand-boretech","7":"product_cat-rengoeringsmedel","8":"product_cat-vapenrengoering","10":"first","11":"instock","12":"taxable","13":"shipping-taxable","14":"purchasable","15":"product-type-variable","16":"wvs-archive-product-wrapper"},"acf":[],"_links":{"self":[{"href":"https:\/\/nbg.eu\/sv\/wp-json\/wp\/v2\/product\/51844","targetHints":{"allow":["GET"]}}],"collection":[{"href":"https:\/\/nbg.eu\/sv\/wp-json\/wp\/v2\/product"}],"about":[{"href":"https:\/\/nbg.eu\/sv\/wp-json\/wp\/v2\/types\/product"}],"wp:featuredmedia":[{"embeddable":true,"href":"https:\/\/nbg.eu\/sv\/wp-json\/wp\/v2\/media\/745847"}],"wp:attachment":[{"href":"https:\/\/nbg.eu\/sv\/wp-json\/wp\/v2\/media?parent=51844"}],"wp:term":[{"taxonomy":"product_brand","embeddable":true,"href":"https:\/\/nbg.eu\/sv\/wp-json\/wp\/v2\/product_brand?post=51844"},{"taxonomy":"product_cat","embeddable":true,"href":"https:\/\/nbg.eu\/sv\/wp-json\/wp\/v2\/product_cat?post=51844"},{"taxonomy":"product_tag","embeddable":true,"href":"https:\/\/nbg.eu\/sv\/wp-json\/wp\/v2\/product_tag?post=51844"}],"curies":[{"name":"wp","href":"https:\/\/api.w.org\/{rel}","templated":true}]}}