{"id":525799,"date":"2025-08-19T20:38:50","date_gmt":"2025-08-19T17:38:50","guid":{"rendered":"https:\/\/nbg.eu\/product\/hographic-sight-eotech-exps3\/"},"modified":"2026-01-21T11:45:41","modified_gmt":"2026-01-21T08:45:41","slug":"hographic-sight-eotech-exps3","status":"publish","type":"product","link":"https:\/\/nbg.eu\/sv\/produkt\/hographic-sight-eotech-exps3\/","title":{"rendered":"Hographic sight EOTECH EXPS3"},"content":{"rendered":"<div class=\"product-description\">\n<h2>EOTECH HWS EXPS3\u2122 Holografiskt vapensiktet<\/h2>\n<p>EOTECH HWS EXPS3\u2122 \u00e4r ett holografiskt sikte som erbjuder:<\/p>\n<ul>\n<li>Skytte med b\u00e5da \u00f6gonen \u00f6ppna f\u00f6r m\u00e5linriktning<\/li>\n<li>Kompatibilitet med m\u00f6rkerseende med 10 ytterligare inst\u00e4llningar<\/li>\n<li>7mm upph\u00f6jd snabbkopplingsbasf\u00f6r l\u00e4gre 1\/3 samverkan med j\u00e4rnsikte<\/li>\n<li>Kompakt design: 3,8&#8243; x 2,3&#8243; x 2,9&#8243;<\/li>\n<li>Vikt: 11,2 oz<\/li>\n<li>Vattenbest\u00e4ndig upp till 33 fots djup<\/li>\n<li>20 ljusstyrkeinst\u00e4llningar f\u00f6r dagsljus<\/li>\n<li>1000 timmars batteritid vid nominell inst\u00e4llning<\/li>\n<\/ul>\n<p>Tillverkad i USA. EXPS3 monteras p\u00e5 1&#8243; Weaver eller MIL-STD-1913 skenor och fungerar i temperaturer fr\u00e5n -40\u00b0F till 140\u00b0F. Inkluderar snabbstartsguide, garantikort och CR123-batteri.<\/p>\n<\/div>\n","protected":false},"excerpt":{"rendered":"<p>Snabb m\u00e5lf\u00f6rv\u00e4rv, kompatibel med m\u00f6rkerseende, upph\u00f6jd snabbkopplingsbas.<\/p>\n","protected":false},"featured_media":466382,"template":"","meta":{"_acf_changed":false},"product_brand":[],"product_cat":[13013,13004],"product_tag":[],"class_list":{"0":"post-525799","1":"product","2":"type-product","3":"status-publish","4":"has-post-thumbnail","6":"product_cat-gevaerssikten","7":"product_cat-siktning","9":"first","10":"outofstock","11":"taxable","12":"shipping-taxable","13":"purchasable","14":"product-type-simple"},"acf":[],"_links":{"self":[{"href":"https:\/\/nbg.eu\/sv\/wp-json\/wp\/v2\/product\/525799","targetHints":{"allow":["GET"]}}],"collection":[{"href":"https:\/\/nbg.eu\/sv\/wp-json\/wp\/v2\/product"}],"about":[{"href":"https:\/\/nbg.eu\/sv\/wp-json\/wp\/v2\/types\/product"}],"wp:featuredmedia":[{"embeddable":true,"href":"https:\/\/nbg.eu\/sv\/wp-json\/wp\/v2\/media\/466382"}],"wp:attachment":[{"href":"https:\/\/nbg.eu\/sv\/wp-json\/wp\/v2\/media?parent=525799"}],"wp:term":[{"taxonomy":"product_brand","embeddable":true,"href":"https:\/\/nbg.eu\/sv\/wp-json\/wp\/v2\/product_brand?post=525799"},{"taxonomy":"product_cat","embeddable":true,"href":"https:\/\/nbg.eu\/sv\/wp-json\/wp\/v2\/product_cat?post=525799"},{"taxonomy":"product_tag","embeddable":true,"href":"https:\/\/nbg.eu\/sv\/wp-json\/wp\/v2\/product_tag?post=525799"}],"curies":[{"name":"wp","href":"https:\/\/api.w.org\/{rel}","templated":true}]}}