{"id":526340,"date":"2025-08-19T21:01:26","date_gmt":"2025-08-19T18:01:26","guid":{"rendered":"https:\/\/nbg.eu\/product\/ak-safety-lever-krebs-customs-enhanced-safety-mkvi\/"},"modified":"2026-01-21T11:34:11","modified_gmt":"2026-01-21T08:34:11","slug":"ak-safety-lever-krebs-customs-enhanced-safety-mkvi","status":"publish","type":"product","link":"https:\/\/nbg.eu\/sv\/produkt\/ak-safety-lever-krebs-customs-enhanced-safety-mkvi\/","title":{"rendered":"AK safety lever Krebs Customs Enhanced Safety (MKVI)"},"content":{"rendered":"<div class=\"product-description\">\n<h2>Krebs Custom Mk VI F\u00f6rb\u00e4ttrad s\u00e4kerhet f\u00f6r stansade AK-gev\u00e4r<\/h2>\n<p>Krebs Custom Mk VI F\u00f6rb\u00e4ttrad s\u00e4kerhet \u00e4r utformad f\u00f6r standard stansade AK-gev\u00e4r. Denna s\u00e4kerhetsspak erbjuder:<\/p>\n<ul>\n<li>Tillverkad i USA, i ett stycke<\/li>\n<li>1mm 1050 st\u00e5l, v\u00e4rmebehandlad till 50C Rockwell<\/li>\n<li>F\u00f6rb\u00e4ttrad ergonomi och funktionalitet<\/li>\n<li>Enkel installation (vapensmed rekommenderas f\u00f6r VEPR 12)<\/li>\n<\/ul>\n<p>Obs: Inte kompatibel med Polish Tantal, Yugo-gev\u00e4r eller Century-gev\u00e4r utan mindre vapensmide. V\u00e4lj mellan Mk VI och Mk VI-S baserat p\u00e5 ditt gev\u00e4rs nuvarande s\u00e4kerhetsposition. Finns \u00e4ven f\u00f6r konverterade Saiga-gev\u00e4r (AKM6S).<\/p>\n<\/div>\n","protected":false},"excerpt":{"rendered":"<p>Precisionspressad AK-s\u00e4kerhetsspak f\u00f6r standardpressade mottagare.<\/p>\n","protected":false},"featured_media":467137,"template":"","meta":{"_acf_changed":false},"product_brand":[],"product_cat":[12991,13053,13014],"product_tag":[],"class_list":{"0":"post-526340","1":"product","2":"type-product","3":"status-publish","4":"has-post-thumbnail","6":"product_cat-ak-tuning","7":"product_cat-gevaer","8":"product_cat-gevaerstuning","10":"first","11":"instock","12":"taxable","13":"shipping-taxable","14":"purchasable","15":"product-type-simple"},"acf":[],"_links":{"self":[{"href":"https:\/\/nbg.eu\/sv\/wp-json\/wp\/v2\/product\/526340","targetHints":{"allow":["GET"]}}],"collection":[{"href":"https:\/\/nbg.eu\/sv\/wp-json\/wp\/v2\/product"}],"about":[{"href":"https:\/\/nbg.eu\/sv\/wp-json\/wp\/v2\/types\/product"}],"wp:featuredmedia":[{"embeddable":true,"href":"https:\/\/nbg.eu\/sv\/wp-json\/wp\/v2\/media\/467137"}],"wp:attachment":[{"href":"https:\/\/nbg.eu\/sv\/wp-json\/wp\/v2\/media?parent=526340"}],"wp:term":[{"taxonomy":"product_brand","embeddable":true,"href":"https:\/\/nbg.eu\/sv\/wp-json\/wp\/v2\/product_brand?post=526340"},{"taxonomy":"product_cat","embeddable":true,"href":"https:\/\/nbg.eu\/sv\/wp-json\/wp\/v2\/product_cat?post=526340"},{"taxonomy":"product_tag","embeddable":true,"href":"https:\/\/nbg.eu\/sv\/wp-json\/wp\/v2\/product_tag?post=526340"}],"curies":[{"name":"wp","href":"https:\/\/api.w.org\/{rel}","templated":true}]}}