{"id":526446,"date":"2025-08-20T17:48:48","date_gmt":"2025-08-20T14:48:48","guid":{"rendered":"https:\/\/nbg.eu\/product\/recoil-spring-ismi-15-lb-spring-for-glock-17-gl15\/"},"modified":"2026-01-21T11:39:14","modified_gmt":"2026-01-21T08:39:14","slug":"recoil-spring-ismi-15-lb-spring-for-glock-17-gl15","status":"publish","type":"product","link":"https:\/\/nbg.eu\/sv\/produkt\/recoil-spring-ismi-15-lb-spring-for-glock-17-gl15\/","title":{"rendered":"Recoil spring ISMI 15 lb. Spring for Glock 17 (GL15)"},"content":{"rendered":"<div class=\"product-description\">\n<h2>ISMI 15 lb. Platt tr\u00e5dfj\u00e4der f\u00f6r rekyl till Glock 17 (GL15)<\/h2>\n<p>ISMI:s rekylfj\u00e4der f\u00f6r Glock 17. Denna 15 lb. platta tr\u00e5dfj\u00e4der \u00e4r tillverkad av krom-vanadin-legering, utformad f\u00f6r att passa fabrikens styrst\u00e5ng med diameter p\u00e5 .250&#8243; eller mindre.<\/p>\n<ul>\n<li>CAD-designad och tillverkad enligt flygspecifikationer<\/li>\n<li>V\u00e4rmebehandlad, kulpenad och sp\u00e4nningsavlastad<\/li>\n<li>Ger konsekvent funktion<\/li>\n<li>Kompatibel med Glock 17, 17L, 20, 21, 22, 24, 31, 35<\/li>\n<li>Tillverkad i USA<\/li>\n<\/ul>\n<p>ISMI:s rekylfj\u00e4der f\u00f6r Glock f\u00f6r f\u00f6rb\u00e4ttrad tillf\u00f6rlitlighet och prestanda p\u00e5 skjutbanan.<\/p>\n<\/div>\n","protected":false},"excerpt":{"rendered":"<p>Precisions 15lb platt tr\u00e5drekylfj\u00e4der f\u00f6r Glock 17. Tillverkad i USA, f\u00f6rb\u00e4ttrar prestandan.<\/p>\n","protected":false},"featured_media":470584,"template":"","meta":{"_acf_changed":false},"product_brand":[11420],"product_cat":[13021,13003],"product_tag":[],"class_list":{"0":"post-526446","1":"product","2":"type-product","3":"status-publish","4":"has-post-thumbnail","6":"product_brand-glock","7":"product_cat-fjaedrar","8":"product_cat-kmr-delar","10":"first","11":"outofstock","12":"taxable","13":"shipping-taxable","14":"purchasable","15":"product-type-simple"},"acf":[],"_links":{"self":[{"href":"https:\/\/nbg.eu\/sv\/wp-json\/wp\/v2\/product\/526446","targetHints":{"allow":["GET"]}}],"collection":[{"href":"https:\/\/nbg.eu\/sv\/wp-json\/wp\/v2\/product"}],"about":[{"href":"https:\/\/nbg.eu\/sv\/wp-json\/wp\/v2\/types\/product"}],"wp:featuredmedia":[{"embeddable":true,"href":"https:\/\/nbg.eu\/sv\/wp-json\/wp\/v2\/media\/470584"}],"wp:attachment":[{"href":"https:\/\/nbg.eu\/sv\/wp-json\/wp\/v2\/media?parent=526446"}],"wp:term":[{"taxonomy":"product_brand","embeddable":true,"href":"https:\/\/nbg.eu\/sv\/wp-json\/wp\/v2\/product_brand?post=526446"},{"taxonomy":"product_cat","embeddable":true,"href":"https:\/\/nbg.eu\/sv\/wp-json\/wp\/v2\/product_cat?post=526446"},{"taxonomy":"product_tag","embeddable":true,"href":"https:\/\/nbg.eu\/sv\/wp-json\/wp\/v2\/product_tag?post=526446"}],"curies":[{"name":"wp","href":"https:\/\/api.w.org\/{rel}","templated":true}]}}