{"id":527220,"date":"2025-09-02T20:11:34","date_gmt":"2025-09-02T17:11:34","guid":{"rendered":"https:\/\/nbg.eu\/product\/ftcs-enlarged-magazine-catch-ak-platform-graphite-black-h-146-nr-29\/"},"modified":"2026-01-21T12:01:50","modified_gmt":"2026-01-21T09:01:50","slug":"ftcs-enlarged-magazine-catch-ak-platform-graphite-black-h-146-nr-29","status":"publish","type":"product","link":"https:\/\/nbg.eu\/sv\/produkt\/ftcs-enlarged-magazine-catch-ak-platform-graphite-black-h-146-nr-29\/","title":{"rendered":"FTCS &#8211; Enlarged Magazine Catch &#8211; AK Platform &#8211; Graphite Black H-146 &#8211; Nr. 29"},"content":{"rendered":"<div class=\"product-description\">\n<h1>FTCS &#8211; F\u00f6rstorad magasinsp\u00e4rr &#8211; AK-plattform<\/h1>\n<h2>Grafit Svart H-146 &#8211; Nr. 29<\/h2>\n<p>En f\u00f6rstorad magasinsp\u00e4rr fr\u00e5n FTCS f\u00f6r AK-plattformens karbiner. Utformad f\u00f6r enklare magasinbyte.<\/p>\n<ul>\n<li>Kompatibel med de flesta AK\/AKM\/AK-74 vapen<\/li>\n<li>Tillverkad av st\u00e5l med Cerakote-bel\u00e4ggning<\/li>\n<li>Grafit Svart H-146 f\u00e4rg<\/li>\n<li>R\u00e4fflad tunga f\u00f6r b\u00e4ttre grepp<\/li>\n<li>M\u00e5tt: 51 x 16 x 14 mm<\/li>\n<li>Vikt: 20 g<\/li>\n<\/ul>\n<p>Denna f\u00f6rstorade sp\u00e4rr m\u00f6jligg\u00f6r magasinbyte med tummen eller ett annat magasin. Cerakote-ytbehandlingen ger h\u00e5llbarhet.<\/p>\n<\/div>\n","protected":false},"excerpt":{"rendered":"<p>F\u00f6rstorad magasinsp\u00e4rr f\u00f6r AK. Enkel frig\u00f6ring. St\u00e5l, Cerakote. Grafit svart.<\/p>\n","protected":false},"featured_media":0,"template":"","meta":{"_acf_changed":false},"product_brand":[],"product_cat":[13069],"product_tag":[],"class_list":{"0":"post-527220","1":"product","2":"type-product","3":"status-publish","5":"product_cat-okategoriserad","7":"first","8":"instock","9":"taxable","10":"shipping-taxable","11":"purchasable","12":"product-type-simple"},"acf":[],"_links":{"self":[{"href":"https:\/\/nbg.eu\/sv\/wp-json\/wp\/v2\/product\/527220","targetHints":{"allow":["GET"]}}],"collection":[{"href":"https:\/\/nbg.eu\/sv\/wp-json\/wp\/v2\/product"}],"about":[{"href":"https:\/\/nbg.eu\/sv\/wp-json\/wp\/v2\/types\/product"}],"wp:attachment":[{"href":"https:\/\/nbg.eu\/sv\/wp-json\/wp\/v2\/media?parent=527220"}],"wp:term":[{"taxonomy":"product_brand","embeddable":true,"href":"https:\/\/nbg.eu\/sv\/wp-json\/wp\/v2\/product_brand?post=527220"},{"taxonomy":"product_cat","embeddable":true,"href":"https:\/\/nbg.eu\/sv\/wp-json\/wp\/v2\/product_cat?post=527220"},{"taxonomy":"product_tag","embeddable":true,"href":"https:\/\/nbg.eu\/sv\/wp-json\/wp\/v2\/product_tag?post=527220"}],"curies":[{"name":"wp","href":"https:\/\/api.w.org\/{rel}","templated":true}]}}