{"id":527537,"date":"2025-09-02T20:13:23","date_gmt":"2025-09-02T17:13:23","guid":{"rendered":"https:\/\/nbg.eu\/product\/general-nano-protection-super-nano-grease-synthetic-761034\/"},"modified":"2026-01-21T11:44:39","modified_gmt":"2026-01-21T08:44:39","slug":"general-nano-protection-super-nano-grease-synthetic-761034","status":"publish","type":"product","link":"https:\/\/nbg.eu\/sv\/produkt\/general-nano-protection-super-nano-grease-synthetic-761034\/","title":{"rendered":"General Nano Protection &#8211; Super Nano Grease &#8211; Synthetic &#8211; 761034"},"content":{"rendered":"<h1>General Nano Protection &#8211; Super Nano Fett &#8211; Syntetiskt &#8211; 761034<\/h1>\n<p>Syntetisk vapenolja f\u00f6r underh\u00e5ll av skjutvapen. Denna 200 ml flaska Super Nano Fett erbjuder skydd och prestanda f\u00f6r ditt vapen.<\/p>\n<ul>\n<li>Reng\u00f6r krutdamm, kol och fett<\/li>\n<li>Avl\u00e4gsnar fukt och skyddar mot korrosion<\/li>\n<li>Minskar friktion och slitage p\u00e5 olika material<\/li>\n<li>F\u00f6rl\u00e4nger vapnets livsl\u00e4ngd<\/li>\n<li>Nanopartikelteknik f\u00f6r b\u00e4ttre penetration<\/li>\n<li>Hydrofob bel\u00e4ggning som st\u00f6ter bort vatten<\/li>\n<li>V\u00e4rmebest\u00e4ndig fr\u00e5n -60\u00b0C till +250\u00b0C<\/li>\n<li>S\u00e4ker att anv\u00e4nda p\u00e5 metall, tr\u00e4, f\u00e4rg, gummi och plast<\/li>\n<\/ul>\n<p>L\u00e4mplig f\u00f6r anv\u00e4ndning p\u00e5 operationsst\u00e4nger, pipl\u00e5s, kamstift och andra r\u00f6rliga delar.<\/p>\n","protected":false},"excerpt":{"rendered":"<p>Avancerad nanovapenolj\u0430: reng\u00f6r, sm\u00f6rjer och skyddar skjutvapen.<\/p>\n","protected":false},"featured_media":490531,"template":"","meta":{"_acf_changed":false},"product_brand":[],"product_cat":[13069],"product_tag":[],"class_list":{"0":"post-527537","1":"product","2":"type-product","3":"status-publish","4":"has-post-thumbnail","6":"product_cat-okategoriserad","8":"first","9":"instock","10":"taxable","11":"shipping-taxable","12":"purchasable","13":"product-type-simple"},"acf":[],"_links":{"self":[{"href":"https:\/\/nbg.eu\/sv\/wp-json\/wp\/v2\/product\/527537","targetHints":{"allow":["GET"]}}],"collection":[{"href":"https:\/\/nbg.eu\/sv\/wp-json\/wp\/v2\/product"}],"about":[{"href":"https:\/\/nbg.eu\/sv\/wp-json\/wp\/v2\/types\/product"}],"wp:featuredmedia":[{"embeddable":true,"href":"https:\/\/nbg.eu\/sv\/wp-json\/wp\/v2\/media\/490531"}],"wp:attachment":[{"href":"https:\/\/nbg.eu\/sv\/wp-json\/wp\/v2\/media?parent=527537"}],"wp:term":[{"taxonomy":"product_brand","embeddable":true,"href":"https:\/\/nbg.eu\/sv\/wp-json\/wp\/v2\/product_brand?post=527537"},{"taxonomy":"product_cat","embeddable":true,"href":"https:\/\/nbg.eu\/sv\/wp-json\/wp\/v2\/product_cat?post=527537"},{"taxonomy":"product_tag","embeddable":true,"href":"https:\/\/nbg.eu\/sv\/wp-json\/wp\/v2\/product_tag?post=527537"}],"curies":[{"name":"wp","href":"https:\/\/api.w.org\/{rel}","templated":true}]}}