{"id":529326,"date":"2025-09-02T20:21:32","date_gmt":"2025-09-02T17:21:32","guid":{"rendered":"https:\/\/nbg.eu\/product\/magpul-gl-enhanced-magazine-well-for-glock-19-gen-4-mag950\/"},"modified":"2026-01-21T11:43:14","modified_gmt":"2026-01-21T08:43:14","slug":"magpul-gl-enhanced-magazine-well-for-glock-19-gen-4-mag950","status":"publish","type":"product","link":"https:\/\/nbg.eu\/sv\/produkt\/magpul-gl-enhanced-magazine-well-for-glock-19-gen-4-mag950\/","title":{"rendered":"Magpul &#8211; GL Enhanced Magazine Well for GLOCK\u00ae 19 GEN 4 &#8211; MAG950"},"content":{"rendered":"<h2>Magpul GL F\u00f6rb\u00e4ttrad Magasinsbrunn f\u00f6r GLOCK\u00ae 19 Gen4 &#8211; MAG950<\/h2>\n<p>Magpuls magasinsbrunn f\u00f6r GLOCK 19 Gen4. Utformad f\u00f6r att underl\u00e4tta ins\u00e4ttning och borttagning av magasin. Funktioner inkluderar:<\/p>\n<ul>\n<li>Design f\u00f6r enkel dold b\u00e4rning<\/li>\n<li>Anpassad f\u00f6r standardkapacitet GLOCK-magasin och Magpul GL9\u00ae PMAGs\u00ae<\/li>\n<li>J\u00e4mn ramp och kantgeometri f\u00f6r magasinhantering<\/li>\n<li>Tillverkad i USA<\/li>\n<\/ul>\n<p><strong>Obs:<\/strong> Ej kompatibel med GLOCK Modular Back Straps eller vissa magasin med reducerad kapacitet. Professionell installation rekommenderas vid t\u00e4t passform.<\/p>\n","protected":false},"excerpt":{"rendered":"<p>F\u00f6rb\u00e4ttra magasinins\u00e4ttningen p\u00e5 GLOCK 19 Gen4 med Magpuls eleganta magasintratt.<\/p>\n","protected":false},"featured_media":491133,"template":"","meta":{"_acf_changed":false},"product_brand":[11420,11551],"product_cat":[13023,12999],"product_tag":[],"class_list":{"0":"post-529326","1":"product","2":"type-product","3":"status-publish","4":"has-post-thumbnail","6":"product_brand-glock","7":"product_brand-magpul","8":"product_cat-pistol","9":"product_cat-pistoldelar","11":"first","12":"instock","13":"taxable","14":"shipping-taxable","15":"purchasable","16":"product-type-simple"},"acf":[],"_links":{"self":[{"href":"https:\/\/nbg.eu\/sv\/wp-json\/wp\/v2\/product\/529326","targetHints":{"allow":["GET"]}}],"collection":[{"href":"https:\/\/nbg.eu\/sv\/wp-json\/wp\/v2\/product"}],"about":[{"href":"https:\/\/nbg.eu\/sv\/wp-json\/wp\/v2\/types\/product"}],"wp:featuredmedia":[{"embeddable":true,"href":"https:\/\/nbg.eu\/sv\/wp-json\/wp\/v2\/media\/491133"}],"wp:attachment":[{"href":"https:\/\/nbg.eu\/sv\/wp-json\/wp\/v2\/media?parent=529326"}],"wp:term":[{"taxonomy":"product_brand","embeddable":true,"href":"https:\/\/nbg.eu\/sv\/wp-json\/wp\/v2\/product_brand?post=529326"},{"taxonomy":"product_cat","embeddable":true,"href":"https:\/\/nbg.eu\/sv\/wp-json\/wp\/v2\/product_cat?post=529326"},{"taxonomy":"product_tag","embeddable":true,"href":"https:\/\/nbg.eu\/sv\/wp-json\/wp\/v2\/product_tag?post=529326"}],"curies":[{"name":"wp","href":"https:\/\/api.w.org\/{rel}","templated":true}]}}