{"id":529494,"date":"2025-09-02T20:23:55","date_gmt":"2025-09-02T17:23:55","guid":{"rendered":"https:\/\/nbg.eu\/product\/magpul-zhukov-s-stock-for-ak-47-ak-74-mag585\/"},"modified":"2026-01-21T12:01:52","modified_gmt":"2026-01-21T09:01:52","slug":"magpul-zhukov-s-stock-for-ak-47-ak-74-mag585","status":"publish","type":"product","link":"https:\/\/nbg.eu\/sv\/produkt\/magpul-zhukov-s-stock-for-ak-47-ak-74-mag585\/","title":{"rendered":"Magpul &#8211; ZHUKOV-S\u00ae Stock for AK-47 \/ AK-74 &#8211; MAG585"},"content":{"rendered":"<div class=\"product-description\">\n<h2>Magpul ZHUKOV-S\u00ae Kolv f\u00f6r AK-47 \/ AK-74 &#8211; MAG585<\/h2>\n<p>Magpul ZHUKOV-S\u00ae Vikbar Kolv f\u00f6r AK47\/AKM\/AK74 karbiner. Denna design erbjuder:<\/p>\n<ul>\n<li>5-l\u00e4ges justering f\u00f6r anpassning av arml\u00e4ngd<\/li>\n<li>H\u00f6gersidans vikmekanism kompatibel med svalstj\u00e4rtssikte<\/li>\n<li>M\u00f6jlighet att skjuta och ladda om med invikt kolv<\/li>\n<li>L\u00e5gprofil design<\/li>\n<li>Gummibelagd bakkappa<\/li>\n<li>1,25&#8243; remh\u00e5l och QD-portkompatibilitet<\/li>\n<\/ul>\n<p>Vikt 425g och l\u00e4ngd 223,5-289,5mm, tillverkad i USA. Obs: Ej kompatibel med jugoslaviska AK:er, Norinco Type 56S\/MAK-90 eller fr\u00e4sta l\u00e5dhus.<\/p>\n<\/div>\n","protected":false},"excerpt":{"rendered":"<p>Magpul ZHUKOV-S: Vikbar, justerbar AK-kolv med QD-portar.<\/p>\n","protected":false},"featured_media":491502,"template":"","meta":{"_acf_changed":false},"product_brand":[11551],"product_cat":[12991,13053,13014],"product_tag":[],"class_list":{"0":"post-529494","1":"product","2":"type-product","3":"status-publish","4":"has-post-thumbnail","6":"product_brand-magpul","7":"product_cat-ak-tuning","8":"product_cat-gevaer","9":"product_cat-gevaerstuning","11":"first","12":"instock","13":"taxable","14":"shipping-taxable","15":"purchasable","16":"product-type-variable","17":"wvs-archive-product-wrapper"},"acf":[],"_links":{"self":[{"href":"https:\/\/nbg.eu\/sv\/wp-json\/wp\/v2\/product\/529494","targetHints":{"allow":["GET"]}}],"collection":[{"href":"https:\/\/nbg.eu\/sv\/wp-json\/wp\/v2\/product"}],"about":[{"href":"https:\/\/nbg.eu\/sv\/wp-json\/wp\/v2\/types\/product"}],"wp:featuredmedia":[{"embeddable":true,"href":"https:\/\/nbg.eu\/sv\/wp-json\/wp\/v2\/media\/491502"}],"wp:attachment":[{"href":"https:\/\/nbg.eu\/sv\/wp-json\/wp\/v2\/media?parent=529494"}],"wp:term":[{"taxonomy":"product_brand","embeddable":true,"href":"https:\/\/nbg.eu\/sv\/wp-json\/wp\/v2\/product_brand?post=529494"},{"taxonomy":"product_cat","embeddable":true,"href":"https:\/\/nbg.eu\/sv\/wp-json\/wp\/v2\/product_cat?post=529494"},{"taxonomy":"product_tag","embeddable":true,"href":"https:\/\/nbg.eu\/sv\/wp-json\/wp\/v2\/product_tag?post=529494"}],"curies":[{"name":"wp","href":"https:\/\/api.w.org\/{rel}","templated":true}]}}