{"id":530459,"date":"2025-09-04T17:31:52","date_gmt":"2025-09-04T14:31:52","guid":{"rendered":"https:\/\/nbg.eu\/product\/strike-industries-overmolded-ultimate-dust-cover-for-223-5-56-mm-black\/"},"modified":"2026-01-21T12:14:41","modified_gmt":"2026-01-21T09:14:41","slug":"strike-industries-overmolded-ultimate-dust-cover-for-223-5-56-mm-black","status":"publish","type":"product","link":"https:\/\/nbg.eu\/sv\/produkt\/strike-industries-overmolded-ultimate-dust-cover-for-223-5-56-mm-black\/","title":{"rendered":"Strike Industries &#8211; Overmolded Ultimate Dust Cover for .223\/5.56 mm &#8211; Black"},"content":{"rendered":"<div class=\"product-description\">\n<h2>Strike Industries &#8211; \u00d6vermoldat dammskydd f\u00f6r .223\/5,56 mm &#8211; Svart<\/h2>\n<p>Ett dammskydd f\u00f6r AR-15 med dubbel injektionsform och gummit\u00e4tning f\u00f6r skydd mot skr\u00e4p och vatten. Den interna l\u00e4ppen ger en t\u00e4tare f\u00f6rsegling \u00e4n traditionella dammskydd.<\/p>\n<ul>\n<li>Installation utan verktyg och enkel demontering<\/li>\n<li>Inbyggd justerbar l\u00e5sskruv f\u00f6r slitagekompensation<\/li>\n<li>Tyst aktivering med ljudd\u00e4mpande gummidyna<\/li>\n<li>Tillverkad av SI Polymer Extreme-material<\/li>\n<li>Rostbest\u00e4ndig och h\u00e5llbar<\/li>\n<li>Installeras eller tas bort p\u00e5 5-10 sekunder<\/li>\n<\/ul>\n<p>Kompatibel med AR-15 Mil-Spec och de flesta billet-\u00f6vre mottagare, inklusive Aero Precision M4E1. Inte kompatibel med VLTOR MUR, ZRO Delta, Lantac Enhanced BCG eller Bootleg Four Position Adjustable Carrier.<\/p>\n<\/div>\n","protected":false},"excerpt":{"rendered":"<p>F\u00f6rb\u00e4ttrat dammskydd f\u00f6r AR-15: Tyst, snabbmonterat, skr\u00e4ps\u00e4kert t\u00e4tning.<\/p>\n","protected":false},"featured_media":493283,"template":"","meta":{"_acf_changed":false},"product_brand":[14616],"product_cat":[13037,13053,13014],"product_tag":[],"class_list":{"0":"post-530459","1":"product","2":"type-product","3":"status-publish","4":"has-post-thumbnail","6":"product_brand-strike-industries","7":"product_cat-ar-tuning","8":"product_cat-gevaer","9":"product_cat-gevaerstuning","11":"first","12":"instock","13":"taxable","14":"shipping-taxable","15":"purchasable","16":"product-type-simple"},"acf":[],"_links":{"self":[{"href":"https:\/\/nbg.eu\/sv\/wp-json\/wp\/v2\/product\/530459","targetHints":{"allow":["GET"]}}],"collection":[{"href":"https:\/\/nbg.eu\/sv\/wp-json\/wp\/v2\/product"}],"about":[{"href":"https:\/\/nbg.eu\/sv\/wp-json\/wp\/v2\/types\/product"}],"wp:featuredmedia":[{"embeddable":true,"href":"https:\/\/nbg.eu\/sv\/wp-json\/wp\/v2\/media\/493283"}],"wp:attachment":[{"href":"https:\/\/nbg.eu\/sv\/wp-json\/wp\/v2\/media?parent=530459"}],"wp:term":[{"taxonomy":"product_brand","embeddable":true,"href":"https:\/\/nbg.eu\/sv\/wp-json\/wp\/v2\/product_brand?post=530459"},{"taxonomy":"product_cat","embeddable":true,"href":"https:\/\/nbg.eu\/sv\/wp-json\/wp\/v2\/product_cat?post=530459"},{"taxonomy":"product_tag","embeddable":true,"href":"https:\/\/nbg.eu\/sv\/wp-json\/wp\/v2\/product_tag?post=530459"}],"curies":[{"name":"wp","href":"https:\/\/api.w.org\/{rel}","templated":true}]}}