{"id":534885,"date":"2025-09-04T20:17:18","date_gmt":"2025-09-04T17:17:18","guid":{"rendered":"https:\/\/nbg.eu\/product\/sprinco-usa-enhanced-4-coil-bolt-carrier-extractor-cs-spring-3-pak-25435-red\/"},"modified":"2026-01-21T11:51:53","modified_gmt":"2026-01-21T08:51:53","slug":"sprinco-usa-enhanced-4-coil-bolt-carrier-extractor-cs-spring-3-pak-25435-red","status":"publish","type":"product","link":"https:\/\/nbg.eu\/sv\/produkt\/sprinco-usa-enhanced-4-coil-bolt-carrier-extractor-cs-spring-3-pak-25435-red\/","title":{"rendered":"SPRINCO USA ENHANCED 4-COIL BOLT CARRIER EXTRACTOR CS SPRING 3-PAK (25435) Red"},"content":{"rendered":"<div class=\"product-description\">\n<h2>SPRINCO USA 4-SPOLE UTDRAGARE CS FJ\u00c4DER 3-PACK (25435) R\u00f6d<\/h2>\n<p>Sprincos USA-tillverkade 4-spole utdragare CS fj\u00e4der 3-pack. Tillverkad av v\u00e4rmebehandlad, sp\u00e4nningsreducerad krom-silikon tr\u00e5d, dessa fj\u00e4drar genomg\u00e5r kryogen behandling och har en molybdendisulfid-bel\u00e4ggning.<\/p>\n<ul>\n<li>Uppr\u00e4tth\u00e5ller f\u00f6rl\u00e4ngd driftcykelbelastning av NY Mil-Spec fj\u00e4der<\/li>\n<li>L\u00e4mplig f\u00f6r 18&#8243;+ pipl\u00e4ngder och hylsuppsamling<\/li>\n<li>V\u00e4rmebest\u00e4ndig upp till 750\u00b0F<\/li>\n<li>Extrema driftcykler med konsekvent prestanda<\/li>\n<li>L\u00e5ngvarig &#8221;plug &amp; play&#8221; l\u00f6sning<\/li>\n<\/ul>\n<p>Uppgradera din slutstyckesgrupp med Sprincos utdragarfj\u00e4drar f\u00f6r f\u00f6rb\u00e4ttrad vapenfunktion och livsl\u00e4ngd.<\/p>\n<\/div>\n","protected":false},"excerpt":{"rendered":"<p>H\u00e5llbara 4-spole extraktionsfj\u00e4drar f\u00f6r f\u00f6rl\u00e4ngda arbetscykler. Tillverkad i USA.<\/p>\n","protected":false},"featured_media":495509,"template":"","meta":{"_acf_changed":false},"product_brand":[14583],"product_cat":[13021,13003],"product_tag":[],"class_list":{"0":"post-534885","1":"product","2":"type-product","3":"status-publish","4":"has-post-thumbnail","6":"product_brand-sprinco-usa","7":"product_cat-fjaedrar","8":"product_cat-kmr-delar","10":"first","11":"instock","12":"taxable","13":"shipping-taxable","14":"purchasable","15":"product-type-simple"},"acf":[],"_links":{"self":[{"href":"https:\/\/nbg.eu\/sv\/wp-json\/wp\/v2\/product\/534885","targetHints":{"allow":["GET"]}}],"collection":[{"href":"https:\/\/nbg.eu\/sv\/wp-json\/wp\/v2\/product"}],"about":[{"href":"https:\/\/nbg.eu\/sv\/wp-json\/wp\/v2\/types\/product"}],"wp:featuredmedia":[{"embeddable":true,"href":"https:\/\/nbg.eu\/sv\/wp-json\/wp\/v2\/media\/495509"}],"wp:attachment":[{"href":"https:\/\/nbg.eu\/sv\/wp-json\/wp\/v2\/media?parent=534885"}],"wp:term":[{"taxonomy":"product_brand","embeddable":true,"href":"https:\/\/nbg.eu\/sv\/wp-json\/wp\/v2\/product_brand?post=534885"},{"taxonomy":"product_cat","embeddable":true,"href":"https:\/\/nbg.eu\/sv\/wp-json\/wp\/v2\/product_cat?post=534885"},{"taxonomy":"product_tag","embeddable":true,"href":"https:\/\/nbg.eu\/sv\/wp-json\/wp\/v2\/product_tag?post=534885"}],"curies":[{"name":"wp","href":"https:\/\/api.w.org\/{rel}","templated":true}]}}