{"id":535217,"date":"2025-09-04T23:53:22","date_gmt":"2025-09-04T20:53:22","guid":{"rendered":"https:\/\/nbg.eu\/product\/law-tactical-llc-armorers-flange-tool-2019aft\/"},"modified":"2026-01-21T11:58:40","modified_gmt":"2026-01-21T08:58:40","slug":"law-tactical-llc-armorers-flange-tool-2019aft","status":"publish","type":"product","link":"https:\/\/nbg.eu\/sv\/produkt\/law-tactical-llc-armorers-flange-tool-2019aft\/","title":{"rendered":"LAW TACTICAL LLC Armorer&#8217;s Flange Tool (2019AFT)"},"content":{"rendered":"<div class=\"product-description\">\n<h2>LAW TACTICAL LLC Vapensmedsverktyg f\u00f6r fl\u00e4ns (2019AFT)<\/h2>\n<p>Ett verktyg f\u00f6r underh\u00e5ll av Law Tactical vikbar kolv-adapter. Detta \u00e5teranv\u00e4ndbara verktyg f\u00f6r installation och borttagning av fl\u00e4ns \u00e4r tillverkat av v\u00e4rmebehandlat kolst\u00e5l f\u00f6r styrka och h\u00e5llbarhet.<\/p>\n<ul>\n<li>Tillverkad av en solid st\u00e5ng v\u00e4rmebehandlat kolst\u00e5l<\/li>\n<li>Utformad f\u00f6r l\u00e5ng livsl\u00e4ngd<\/li>\n<li>Har en 3\/8&#8243; fyrkantsdrift f\u00f6r anv\u00e4ndning med momentnyckel<\/li>\n<li>Individuellt inspekterad f\u00f6r kvalitetss\u00e4kring<\/li>\n<li>Svart Melonite-belagd f\u00f6r skydd<\/li>\n<\/ul>\n<p>Ett precisionsverktyg f\u00f6r vapensmedsarbete, l\u00e4mpligt f\u00f6r b\u00e5de entusiaster och yrkesverksamma.<\/p>\n<\/div>\n","protected":false},"excerpt":{"rendered":"<p>H\u00e5llbart st\u00e5lverktyg f\u00f6r fl\u00e4nsar till Law Tactical vikbart stockadapter.<\/p>\n","protected":false},"featured_media":495835,"template":"","meta":{"_acf_changed":false},"product_brand":[14391],"product_cat":[13069],"product_tag":[],"class_list":{"0":"post-535217","1":"product","2":"type-product","3":"status-publish","4":"has-post-thumbnail","6":"product_brand-law-tactical-llc","7":"product_cat-okategoriserad","9":"first","10":"outofstock","11":"taxable","12":"shipping-taxable","13":"purchasable","14":"product-type-simple"},"acf":[],"_links":{"self":[{"href":"https:\/\/nbg.eu\/sv\/wp-json\/wp\/v2\/product\/535217","targetHints":{"allow":["GET"]}}],"collection":[{"href":"https:\/\/nbg.eu\/sv\/wp-json\/wp\/v2\/product"}],"about":[{"href":"https:\/\/nbg.eu\/sv\/wp-json\/wp\/v2\/types\/product"}],"wp:featuredmedia":[{"embeddable":true,"href":"https:\/\/nbg.eu\/sv\/wp-json\/wp\/v2\/media\/495835"}],"wp:attachment":[{"href":"https:\/\/nbg.eu\/sv\/wp-json\/wp\/v2\/media?parent=535217"}],"wp:term":[{"taxonomy":"product_brand","embeddable":true,"href":"https:\/\/nbg.eu\/sv\/wp-json\/wp\/v2\/product_brand?post=535217"},{"taxonomy":"product_cat","embeddable":true,"href":"https:\/\/nbg.eu\/sv\/wp-json\/wp\/v2\/product_cat?post=535217"},{"taxonomy":"product_tag","embeddable":true,"href":"https:\/\/nbg.eu\/sv\/wp-json\/wp\/v2\/product_tag?post=535217"}],"curies":[{"name":"wp","href":"https:\/\/api.w.org\/{rel}","templated":true}]}}