{"id":535324,"date":"2025-09-04T23:53:23","date_gmt":"2025-09-04T20:53:23","guid":{"rendered":"https:\/\/nbg.eu\/product\/bravo-company-bcmgunfighter-quick-detach-sling-swivel-heavy-duty-design-bcm-qdss-2\/"},"modified":"2026-01-21T12:28:17","modified_gmt":"2026-01-21T09:28:17","slug":"bravo-company-bcmgunfighter-quick-detach-sling-swivel-heavy-duty-design-bcm-qdss-2","status":"publish","type":"product","link":"https:\/\/nbg.eu\/sv\/produkt\/bravo-company-bcmgunfighter-quick-detach-sling-swivel-heavy-duty-design-bcm-qdss-2\/","title":{"rendered":"BRAVO COMPANY BCMGUNFIGHTER Quick Detach Sling Swivel Heavy Duty Design (BCM-QDSs-2)"},"content":{"rendered":"<h2>BCMGUNFIGHTER\u2122 Snabbkopplad rem\u00f6gla (Robust design)<\/h2>\n<p>BCMGUNFIGHTER\u2122 Snabbkopplad rem\u00f6gla (BCM-QDSs-2). Denna robusta design \u00e4r avsedd f\u00f6r 1-1\/4&#8243; remmar.<\/p>\n<ul>\n<li>Inf\u00e4lld knapp f\u00f6rhindrar oavsiktlig frig\u00f6ring<\/li>\n<li>Trumlade och sandbl\u00e4sta f\u00f6re ytbehandling f\u00f6r en j\u00e4mn yta<\/li>\n<li>Tillverkad av kolst\u00e5l med manganfosfatbel\u00e4ggning<\/li>\n<li>Kompatibel med 1-1\/4&#8243; remmar<\/li>\n<\/ul>\n<p>Denna rem\u00f6gla \u00e4r tillverkad i USA.<\/p>\n","protected":false},"excerpt":{"rendered":"<p>Robust QD-rembygelkrok tillverkad i USA f\u00f6r 1,25-tumsremmar. S\u00e4ker och h\u00e5llbar.<\/p>\n","protected":false},"featured_media":495904,"template":"","meta":{"_acf_changed":false},"product_brand":[11073],"product_cat":[13014,12989,14935],"product_tag":[],"class_list":{"0":"post-535324","1":"product","2":"type-product","3":"status-publish","4":"has-post-thumbnail","6":"product_brand-bcm","7":"product_cat-gevaerstuning","8":"product_cat-remmar","9":"product_cat-sling-swivels-sv","11":"first","12":"outofstock","13":"taxable","14":"shipping-taxable","15":"purchasable","16":"product-type-simple"},"acf":[],"_links":{"self":[{"href":"https:\/\/nbg.eu\/sv\/wp-json\/wp\/v2\/product\/535324","targetHints":{"allow":["GET"]}}],"collection":[{"href":"https:\/\/nbg.eu\/sv\/wp-json\/wp\/v2\/product"}],"about":[{"href":"https:\/\/nbg.eu\/sv\/wp-json\/wp\/v2\/types\/product"}],"wp:featuredmedia":[{"embeddable":true,"href":"https:\/\/nbg.eu\/sv\/wp-json\/wp\/v2\/media\/495904"}],"wp:attachment":[{"href":"https:\/\/nbg.eu\/sv\/wp-json\/wp\/v2\/media?parent=535324"}],"wp:term":[{"taxonomy":"product_brand","embeddable":true,"href":"https:\/\/nbg.eu\/sv\/wp-json\/wp\/v2\/product_brand?post=535324"},{"taxonomy":"product_cat","embeddable":true,"href":"https:\/\/nbg.eu\/sv\/wp-json\/wp\/v2\/product_cat?post=535324"},{"taxonomy":"product_tag","embeddable":true,"href":"https:\/\/nbg.eu\/sv\/wp-json\/wp\/v2\/product_tag?post=535324"}],"curies":[{"name":"wp","href":"https:\/\/api.w.org\/{rel}","templated":true}]}}