{"id":535539,"date":"2025-09-05T00:00:24","date_gmt":"2025-09-04T21:00:24","guid":{"rendered":"https:\/\/nbg.eu\/product\/rh-504-2-screws-iwb\/"},"modified":"2026-01-21T11:34:53","modified_gmt":"2026-01-21T08:34:53","slug":"rh-504-2-screws-iwb","status":"publish","type":"product","link":"https:\/\/nbg.eu\/sv\/produkt\/rh-504-2-screws-iwb\/","title":{"rendered":"RH 504-2 Screws IWB"},"content":{"rendered":"<h1>RH 504-2 Skruvar IWB &#8211; Ers\u00e4ttningsset f\u00f6r IWB-h\u00f6lster<\/h1>\n<p>RH 504-2 Skruvar IWB ers\u00e4ttningsset \u00e4r utformat f\u00f6r v\u00e5ra Black Trident IWB-h\u00f6lster, f\u00f6r att s\u00e4kerst\u00e4lla passform och funktion.<\/p>\n<h2>Setets inneh\u00e5ll:<\/h2>\n<ul>\n<li>4 x 9mm skruvar med hylsor och distanser<\/li>\n<li>4 x 3mm distanser<\/li>\n<li>4 x 6mm skruvar<\/li>\n<li>4 x 4.7mm hylsor<\/li>\n<\/ul>\n<p>Kompatibel med Viking, Quasimodo och Guardian h\u00f6lstermodeller.<\/p>\n<p><strong>Tips:<\/strong> F\u00f6r \u00f6kad s\u00e4kerhet rekommenderar vi att anv\u00e4nda skruvlim (s\u00e4ljs separat) f\u00f6r att h\u00e5lla utrustningen p\u00e5 plats.<\/p>\n<p>Best\u00e4ll ditt RH 504-2 Skruvar IWB set f\u00f6r att underh\u00e5lla ditt h\u00f6lster.<\/p>\n","protected":false},"excerpt":{"rendered":"<p>Ers\u00e4ttningsskruvsats f\u00f6r Black Trident IWB-h\u00f6lster. 16 delar ing\u00e5r.<\/p>\n","protected":false},"featured_media":0,"template":"","meta":{"_acf_changed":false},"product_brand":[11645],"product_cat":[13034],"product_tag":[],"class_list":{"0":"post-535539","1":"product","2":"type-product","3":"status-publish","5":"product_brand-rh-holsters","6":"product_cat-hoelstertillbehoer","8":"first","9":"instock","10":"taxable","11":"shipping-taxable","12":"purchasable","13":"product-type-simple"},"acf":[],"_links":{"self":[{"href":"https:\/\/nbg.eu\/sv\/wp-json\/wp\/v2\/product\/535539","targetHints":{"allow":["GET"]}}],"collection":[{"href":"https:\/\/nbg.eu\/sv\/wp-json\/wp\/v2\/product"}],"about":[{"href":"https:\/\/nbg.eu\/sv\/wp-json\/wp\/v2\/types\/product"}],"wp:attachment":[{"href":"https:\/\/nbg.eu\/sv\/wp-json\/wp\/v2\/media?parent=535539"}],"wp:term":[{"taxonomy":"product_brand","embeddable":true,"href":"https:\/\/nbg.eu\/sv\/wp-json\/wp\/v2\/product_brand?post=535539"},{"taxonomy":"product_cat","embeddable":true,"href":"https:\/\/nbg.eu\/sv\/wp-json\/wp\/v2\/product_cat?post=535539"},{"taxonomy":"product_tag","embeddable":true,"href":"https:\/\/nbg.eu\/sv\/wp-json\/wp\/v2\/product_tag?post=535539"}],"curies":[{"name":"wp","href":"https:\/\/api.w.org\/{rel}","templated":true}]}}