{"id":536078,"date":"2025-09-05T00:03:25","date_gmt":"2025-09-04T21:03:25","guid":{"rendered":"https:\/\/nbg.eu\/product\/utg-pro-monolithic-m-lok-handguard-for-mp5-extended-length\/"},"modified":"2026-02-27T15:51:14","modified_gmt":"2026-02-27T12:51:14","slug":"utg-pro-monolithic-m-lok-handguard-for-mp5-extended-length","status":"publish","type":"product","link":"https:\/\/nbg.eu\/sv\/produkt\/utg-pro-monolithic-m-lok-handguard-for-mp5-extended-length\/","title":{"rendered":"UTG PRO\u00ae Monolithic M-LOK\u00ae Handguard, for MP5\u00ae, Extended Length"},"content":{"rendered":"<div class=\"product-description\">\n<h2>UTG PRO\u00ae Monolitiskt M-LOK\u00ae Handskydd f\u00f6r MP5\u00ae, F\u00f6rl\u00e4ngd l\u00e4ngd<\/h2>\n<p>Uppgradera din MP5\u00ae med UTG PRO\u00ae Monolitiskt M-LOK\u00ae Handskydd. Detta f\u00f6rl\u00e4ngda handskydd har f\u00f6ljande egenskaper:<\/p>\n<ul>\n<li>Aluminiumkonstruktion f\u00f6r l\u00e5g vikt<\/li>\n<li>M-LOK\u00ae-kompatibla f\u00e4sten f\u00f6r tillbeh\u00f6rsmontering<\/li>\n<li>F\u00f6rl\u00e4ngd l\u00e4ngd f\u00f6r grepp och kontroll<\/li>\n<li>Monolitisk design<\/li>\n<li>Installation med medf\u00f6ljande h\u00e5rdvara<\/li>\n<li>V\u00e4rmeavledande egenskaper<\/li>\n<\/ul>\n<p>Detta handskydd g\u00f6r din MP5\u00ae till en anpassningsbar plattform. Det kan f\u00f6rb\u00e4ttra precision och hantering.<\/p>\n<\/div>\n","protected":false},"excerpt":{"rendered":"<p>UTG PRO\u00ae F\u00f6rl\u00e4ngd M-LOK\u00ae Handskydd f\u00f6r MP5\u00ae: H\u00e5llbar, m\u00e5ngsidig, precisionstillverkad.<\/p>\n","protected":false},"featured_media":745423,"template":"","meta":{"_acf_changed":false},"product_brand":[14409],"product_cat":[13053,13014,14812,13067],"product_tag":[],"class_list":{"0":"post-536078","1":"product","2":"type-product","3":"status-publish","4":"has-post-thumbnail","6":"product_brand-leapers-inc","7":"product_cat-gevaer","8":"product_cat-gevaerstuning","9":"product_cat-handskydd","10":"product_cat-skenor","12":"first","13":"instock","14":"taxable","15":"shipping-taxable","16":"purchasable","17":"product-type-simple"},"acf":[],"_links":{"self":[{"href":"https:\/\/nbg.eu\/sv\/wp-json\/wp\/v2\/product\/536078","targetHints":{"allow":["GET"]}}],"collection":[{"href":"https:\/\/nbg.eu\/sv\/wp-json\/wp\/v2\/product"}],"about":[{"href":"https:\/\/nbg.eu\/sv\/wp-json\/wp\/v2\/types\/product"}],"wp:featuredmedia":[{"embeddable":true,"href":"https:\/\/nbg.eu\/sv\/wp-json\/wp\/v2\/media\/745423"}],"wp:attachment":[{"href":"https:\/\/nbg.eu\/sv\/wp-json\/wp\/v2\/media?parent=536078"}],"wp:term":[{"taxonomy":"product_brand","embeddable":true,"href":"https:\/\/nbg.eu\/sv\/wp-json\/wp\/v2\/product_brand?post=536078"},{"taxonomy":"product_cat","embeddable":true,"href":"https:\/\/nbg.eu\/sv\/wp-json\/wp\/v2\/product_cat?post=536078"},{"taxonomy":"product_tag","embeddable":true,"href":"https:\/\/nbg.eu\/sv\/wp-json\/wp\/v2\/product_tag?post=536078"}],"curies":[{"name":"wp","href":"https:\/\/api.w.org\/{rel}","templated":true}]}}