{"id":536294,"date":"2025-09-05T00:15:54","date_gmt":"2025-09-04T21:15:54","guid":{"rendered":"https:\/\/nbg.eu\/product\/dillon-aluminum-roller-handle\/"},"modified":"2026-01-21T11:59:38","modified_gmt":"2026-01-21T08:59:38","slug":"dillon-aluminum-roller-handle","status":"publish","type":"product","link":"https:\/\/nbg.eu\/sv\/produkt\/dillon-aluminum-roller-handle\/","title":{"rendered":"Dillon Aluminum Roller Handle"},"content":{"rendered":"<div class=\"product-description\">\n<h2>Dillon Aluminiumrullarhandtag<\/h2>\n<p>Detta l\u00e4ttviktiga aluminiumrullarhandtag \u00e4r utformat f\u00f6r att \u00f6ka bekv\u00e4mligheten och effektiviteten under l\u00e5nga omladdningssessioner.<\/p>\n<ul>\n<li>Kompatibel med RL550, XL750 &amp; 650 laddare<\/li>\n<li>Minskar operat\u00f6rens tr\u00f6tthet<\/li>\n<li>F\u00f6rb\u00e4ttrar t\u00e4ndhattsplacering<\/li>\n<li>Stark och h\u00e5llbar aluminiumkonstruktion<\/li>\n<li>Tillg\u00e4nglig i Dillon bl\u00e5<\/li>\n<\/ul>\n<p>Detta tillbeh\u00f6r bidrar till en smidigare och mer bekv\u00e4m omladdningsprocess.<\/p>\n<\/div>\n","protected":false},"excerpt":{"rendered":"<p>Ergonomiskt aluminiumrullehandtag f\u00f6r smidigare omladdning. Passar RL550\/XL750\/650.<\/p>\n","protected":false},"featured_media":496401,"template":"","meta":{"_acf_changed":false},"product_brand":[14348],"product_cat":[13039,13028],"product_tag":[],"class_list":{"0":"post-536294","1":"product","2":"type-product","3":"status-publish","4":"has-post-thumbnail","6":"product_brand-dillon-precision","7":"product_cat-omladdning","8":"product_cat-omladdningstillbehoer","10":"first","11":"outofstock","12":"taxable","13":"shipping-taxable","14":"purchasable","15":"product-type-simple"},"acf":[],"_links":{"self":[{"href":"https:\/\/nbg.eu\/sv\/wp-json\/wp\/v2\/product\/536294","targetHints":{"allow":["GET"]}}],"collection":[{"href":"https:\/\/nbg.eu\/sv\/wp-json\/wp\/v2\/product"}],"about":[{"href":"https:\/\/nbg.eu\/sv\/wp-json\/wp\/v2\/types\/product"}],"wp:featuredmedia":[{"embeddable":true,"href":"https:\/\/nbg.eu\/sv\/wp-json\/wp\/v2\/media\/496401"}],"wp:attachment":[{"href":"https:\/\/nbg.eu\/sv\/wp-json\/wp\/v2\/media?parent=536294"}],"wp:term":[{"taxonomy":"product_brand","embeddable":true,"href":"https:\/\/nbg.eu\/sv\/wp-json\/wp\/v2\/product_brand?post=536294"},{"taxonomy":"product_cat","embeddable":true,"href":"https:\/\/nbg.eu\/sv\/wp-json\/wp\/v2\/product_cat?post=536294"},{"taxonomy":"product_tag","embeddable":true,"href":"https:\/\/nbg.eu\/sv\/wp-json\/wp\/v2\/product_tag?post=536294"}],"curies":[{"name":"wp","href":"https:\/\/api.w.org\/{rel}","templated":true}]}}