{"id":536408,"date":"2025-09-05T00:16:15","date_gmt":"2025-09-04T21:16:15","guid":{"rendered":"https:\/\/nbg.eu\/product\/ar-15-a2-pistol-grip\/"},"modified":"2026-01-21T11:34:07","modified_gmt":"2026-01-21T08:34:07","slug":"ar-15-a2-pistol-grip","status":"publish","type":"product","link":"https:\/\/nbg.eu\/sv\/produkt\/ar-15-a2-pistol-grip\/","title":{"rendered":"AR-15 A2 PISTOL GRIP"},"content":{"rendered":"<h1>CZ Shadow 2 Orange &#8211; T\u00e4vlingspistol<\/h1>\n<p>CZ Shadow 2 Orange har f\u00f6ljande egenskaper:<\/p>\n<ul>\n<li>Fabriksmonterad pipbussning<\/li>\n<li>Justerat avtryck med kort \u00e5terst\u00e4llning<\/li>\n<li>Handanpassad slide och stomme<\/li>\n<li>Specialdesignade grepp och f\u00f6rl\u00e4ngd magasinsp\u00e4rr<\/li>\n<li>Justerbar magasinsp\u00e4rr med tre l\u00e4gen<\/li>\n<li>Nitridbehandlad yta med extra polybel\u00e4ggning p\u00e5 stommen<\/li>\n<li>Tunna aluminiumgrepp med strukturerad yta<\/li>\n<li>Fiberoptiskt frontkorn och justerbart HAJO-baksikte<\/li>\n<li>Ambidextri\u00f6s manuell s\u00e4kring<\/li>\n<\/ul>\n<p>Kaliber 9mm Luger med 17+1 patroners kapacitet. Denna 1318 gram tunga pistol med st\u00e5lstomme \u00e4r avsedd f\u00f6r t\u00e4vlingsskytte.<\/p>\n","protected":false},"excerpt":{"rendered":"<p>Klassiskt AR-15-grepp. Ergonomisk design. H\u00e5llbar polymerkonstruktion.<\/p>\n","protected":false},"featured_media":496424,"template":"","meta":{"_acf_changed":false},"product_brand":[],"product_cat":[13053,13014],"product_tag":[],"class_list":{"0":"post-536408","1":"product","2":"type-product","3":"status-publish","4":"has-post-thumbnail","6":"product_cat-gevaer","7":"product_cat-gevaerstuning","9":"first","10":"outofstock","11":"taxable","12":"shipping-taxable","13":"purchasable","14":"product-type-simple"},"acf":[],"_links":{"self":[{"href":"https:\/\/nbg.eu\/sv\/wp-json\/wp\/v2\/product\/536408","targetHints":{"allow":["GET"]}}],"collection":[{"href":"https:\/\/nbg.eu\/sv\/wp-json\/wp\/v2\/product"}],"about":[{"href":"https:\/\/nbg.eu\/sv\/wp-json\/wp\/v2\/types\/product"}],"wp:featuredmedia":[{"embeddable":true,"href":"https:\/\/nbg.eu\/sv\/wp-json\/wp\/v2\/media\/496424"}],"wp:attachment":[{"href":"https:\/\/nbg.eu\/sv\/wp-json\/wp\/v2\/media?parent=536408"}],"wp:term":[{"taxonomy":"product_brand","embeddable":true,"href":"https:\/\/nbg.eu\/sv\/wp-json\/wp\/v2\/product_brand?post=536408"},{"taxonomy":"product_cat","embeddable":true,"href":"https:\/\/nbg.eu\/sv\/wp-json\/wp\/v2\/product_cat?post=536408"},{"taxonomy":"product_tag","embeddable":true,"href":"https:\/\/nbg.eu\/sv\/wp-json\/wp\/v2\/product_tag?post=536408"}],"curies":[{"name":"wp","href":"https:\/\/api.w.org\/{rel}","templated":true}]}}