{"id":538120,"date":"2025-09-05T17:27:03","date_gmt":"2025-09-05T14:27:03","guid":{"rendered":"https:\/\/nbg.eu\/product\/colt-ar-15-stock-assy-collapsible-oem-blk\/"},"modified":"2026-01-21T11:34:54","modified_gmt":"2026-01-21T08:34:54","slug":"colt-ar-15-stock-assy-collapsible-oem-blk","status":"publish","type":"product","link":"https:\/\/nbg.eu\/sv\/produkt\/colt-ar-15-stock-assy-collapsible-oem-blk\/","title":{"rendered":"COLT AR-15 Stock Assy Collapsible OEM BLK"},"content":{"rendered":"<h1>COLT AR-15 Kolv Hopf\u00e4llbar OEM Svart<\/h1>\n<p>COLT AR-15 Kolv Hopf\u00e4llbar OEM Svart f\u00f6r AR-15. Denna komponent erbjuder:<\/p>\n<ul>\n<li>Kompatibel med AR-15, M16 och AR-15\/M4 modeller<\/li>\n<li>Hopf\u00e4llbar design<\/li>\n<li>Matt svart finish<\/li>\n<li>Konstruktion i kompositmaterial<\/li>\n<li>OEM kvalitet<\/li>\n<\/ul>\n<p>Denna kolv passar f\u00f6r b\u00e5de erfarna och nyb\u00f6rjare. L\u00e4ngden kan justeras f\u00f6r olika situationer.<\/p>\n<p>Specifikationer:<\/p>\n<ul>\n<li>Vikt: 0,181 kg<\/li>\n<li>M\u00e5tt: 157 mm x 130 mm x 28 mm<\/li>\n<li>Tillverkad i USA<\/li>\n<li>US exportklassificering: 0A501.y.1<\/li>\n<\/ul>\n","protected":false},"excerpt":{"rendered":"<p>Hopf\u00e4llbar AR-15 kolv-enhet. OEM svart, matt finish.<\/p>\n","protected":false},"featured_media":496992,"template":"","meta":{"_acf_changed":false},"product_brand":[],"product_cat":[13049,13014],"product_tag":[],"class_list":{"0":"post-538120","1":"product","2":"type-product","3":"status-publish","4":"has-post-thumbnail","6":"product_cat-gevaersskolmar","7":"product_cat-gevaerstuning","9":"first","10":"outofstock","11":"taxable","12":"shipping-taxable","13":"purchasable","14":"product-type-simple"},"acf":[],"_links":{"self":[{"href":"https:\/\/nbg.eu\/sv\/wp-json\/wp\/v2\/product\/538120","targetHints":{"allow":["GET"]}}],"collection":[{"href":"https:\/\/nbg.eu\/sv\/wp-json\/wp\/v2\/product"}],"about":[{"href":"https:\/\/nbg.eu\/sv\/wp-json\/wp\/v2\/types\/product"}],"wp:featuredmedia":[{"embeddable":true,"href":"https:\/\/nbg.eu\/sv\/wp-json\/wp\/v2\/media\/496992"}],"wp:attachment":[{"href":"https:\/\/nbg.eu\/sv\/wp-json\/wp\/v2\/media?parent=538120"}],"wp:term":[{"taxonomy":"product_brand","embeddable":true,"href":"https:\/\/nbg.eu\/sv\/wp-json\/wp\/v2\/product_brand?post=538120"},{"taxonomy":"product_cat","embeddable":true,"href":"https:\/\/nbg.eu\/sv\/wp-json\/wp\/v2\/product_cat?post=538120"},{"taxonomy":"product_tag","embeddable":true,"href":"https:\/\/nbg.eu\/sv\/wp-json\/wp\/v2\/product_tag?post=538120"}],"curies":[{"name":"wp","href":"https:\/\/api.w.org\/{rel}","templated":true}]}}