{"id":538229,"date":"2025-09-05T17:27:04","date_gmt":"2025-09-05T14:27:04","guid":{"rendered":"https:\/\/nbg.eu\/product\/b5-systems-ar-15-precision-stock\/"},"modified":"2026-02-27T15:51:18","modified_gmt":"2026-02-27T12:51:18","slug":"b5-systems-ar-15-precision-stock","status":"publish","type":"product","link":"https:\/\/nbg.eu\/sv\/produkt\/b5-systems-ar-15-precision-stock\/","title":{"rendered":"B5 SYSTEMS AR-15 PRECISION STOCK"},"content":{"rendered":"<div class=\"product-description\">\n<h2>B5 SYSTEMS AR-15 PRECISIONSTOCK<\/h2>\n<p>B5 Systems hopf\u00e4llbara precisionstock f\u00f6r AR-15. Denna stock kombinerar stabiliteten hos en fast stock med anpassningsm\u00f6jligheterna hos en justerbar karbinstock.<\/p>\n<ul>\n<li>Svart f\u00f6rst\u00e4rkt polymerkonstruktion<\/li>\n<li>Kompatibel med Mil-Spec karbinl\u00e4ngd buffertr\u00f6r<\/li>\n<li>Interna sp\u00e4nnare eliminerar skrammel<\/li>\n<li>Justerbar bakkappa och kindst\u00f6d<\/li>\n<li>Dubbla QD-f\u00e4sten med begr\u00e4nsad rotation och fasta rem\u00f6glor<\/li>\n<li>M-LOK-sp\u00e5r f\u00f6r montering av tillbeh\u00f6r<\/li>\n<\/ul>\n<p>Denna stock \u00e4r utformad f\u00f6r seri\u00f6sa gev\u00e4rskonstruktioner och erbjuder funktionalitet och p\u00e5litlighet. B5 Systems tillverkar komponenter som prioriterar prestanda.<\/p>\n<\/div>\n","protected":false},"excerpt":{"rendered":"<p>Justerbar, stabil AR-15-kolv med kindst\u00f6d och flera remf\u00e4sten.<\/p>\n","protected":false},"featured_media":497084,"template":"","meta":{"_acf_changed":false},"product_brand":[],"product_cat":[13049,13014],"product_tag":[],"class_list":{"0":"post-538229","1":"product","2":"type-product","3":"status-publish","4":"has-post-thumbnail","6":"product_cat-gevaersskolmar","7":"product_cat-gevaerstuning","9":"first","10":"outofstock","11":"taxable","12":"shipping-taxable","13":"purchasable","14":"product-type-simple"},"acf":[],"_links":{"self":[{"href":"https:\/\/nbg.eu\/sv\/wp-json\/wp\/v2\/product\/538229","targetHints":{"allow":["GET"]}}],"collection":[{"href":"https:\/\/nbg.eu\/sv\/wp-json\/wp\/v2\/product"}],"about":[{"href":"https:\/\/nbg.eu\/sv\/wp-json\/wp\/v2\/types\/product"}],"wp:featuredmedia":[{"embeddable":true,"href":"https:\/\/nbg.eu\/sv\/wp-json\/wp\/v2\/media\/497084"}],"wp:attachment":[{"href":"https:\/\/nbg.eu\/sv\/wp-json\/wp\/v2\/media?parent=538229"}],"wp:term":[{"taxonomy":"product_brand","embeddable":true,"href":"https:\/\/nbg.eu\/sv\/wp-json\/wp\/v2\/product_brand?post=538229"},{"taxonomy":"product_cat","embeddable":true,"href":"https:\/\/nbg.eu\/sv\/wp-json\/wp\/v2\/product_cat?post=538229"},{"taxonomy":"product_tag","embeddable":true,"href":"https:\/\/nbg.eu\/sv\/wp-json\/wp\/v2\/product_tag?post=538229"}],"curies":[{"name":"wp","href":"https:\/\/api.w.org\/{rel}","templated":true}]}}