{"id":538465,"date":"2025-09-05T17:36:50","date_gmt":"2025-09-05T14:36:50","guid":{"rendered":"https:\/\/nbg.eu\/product\/ar-15-m16-quick-detach-receiver-end-plate\/"},"modified":"2026-01-21T12:35:08","modified_gmt":"2026-01-21T09:35:08","slug":"ar-15-m16-quick-detach-receiver-end-plate","status":"publish","type":"product","link":"https:\/\/nbg.eu\/sv\/produkt\/ar-15-m16-quick-detach-receiver-end-plate\/","title":{"rendered":"AR-15\/M16 QUICK DETACH RECEIVER END PLATE"},"content":{"rendered":"<div class=\"product-description\">\n<h2>AR-15\/M16 BCMGUNFIGHTER QD \u00c4NDPLATTA<\/h2>\n<p>Denna \u00e4ndplatta f\u00f6r AR-15 eller M16 har en inbyggd snabbkoppling (QD) f\u00f6r rem.<\/p>\n<ul>\n<li>Tillverkad av st\u00e5l<\/li>\n<li>Har en inbyggd snabbkopplingspunkt (QD) f\u00f6r rem<\/li>\n<li>Kompatibel med AR-15 och AR-308 plattformar<\/li>\n<li>Kan f\u00e4stas med staking<\/li>\n<li>Tillverkad i USA<\/li>\n<li>Finns i svart<\/li>\n<\/ul>\n<p>BCMGUNFIGHTER QD \u00e4ndplattan m\u00f6jligg\u00f6r snabb fasts\u00e4ttning och lossning av remmar. Den kan f\u00f6rb\u00e4ttra hanteringen av gev\u00e4ret i olika situationer.<\/p>\n<\/div>\n","protected":false},"excerpt":{"rendered":"<p>\u00c4ndplatta i st\u00e5l med QD-f\u00e4ste f\u00f6r AR-15\/M16. Tillverkad i USA, med m\u00f6jlighet att staka.<\/p>\n","protected":false},"featured_media":497170,"template":"","meta":{"_acf_changed":false},"product_brand":[],"product_cat":[13014],"product_tag":[],"class_list":{"0":"post-538465","1":"product","2":"type-product","3":"status-publish","4":"has-post-thumbnail","6":"product_cat-gevaerstuning","8":"first","9":"instock","10":"taxable","11":"shipping-taxable","12":"purchasable","13":"product-type-simple"},"acf":[],"_links":{"self":[{"href":"https:\/\/nbg.eu\/sv\/wp-json\/wp\/v2\/product\/538465","targetHints":{"allow":["GET"]}}],"collection":[{"href":"https:\/\/nbg.eu\/sv\/wp-json\/wp\/v2\/product"}],"about":[{"href":"https:\/\/nbg.eu\/sv\/wp-json\/wp\/v2\/types\/product"}],"wp:featuredmedia":[{"embeddable":true,"href":"https:\/\/nbg.eu\/sv\/wp-json\/wp\/v2\/media\/497170"}],"wp:attachment":[{"href":"https:\/\/nbg.eu\/sv\/wp-json\/wp\/v2\/media?parent=538465"}],"wp:term":[{"taxonomy":"product_brand","embeddable":true,"href":"https:\/\/nbg.eu\/sv\/wp-json\/wp\/v2\/product_brand?post=538465"},{"taxonomy":"product_cat","embeddable":true,"href":"https:\/\/nbg.eu\/sv\/wp-json\/wp\/v2\/product_cat?post=538465"},{"taxonomy":"product_tag","embeddable":true,"href":"https:\/\/nbg.eu\/sv\/wp-json\/wp\/v2\/product_tag?post=538465"}],"curies":[{"name":"wp","href":"https:\/\/api.w.org\/{rel}","templated":true}]}}