{"id":539153,"date":"2025-09-05T17:38:06","date_gmt":"2025-09-05T14:38:06","guid":{"rendered":"https:\/\/nbg.eu\/product\/ar-15-extractor-pin\/"},"modified":"2026-01-21T11:33:27","modified_gmt":"2026-01-21T08:33:27","slug":"ar-15-extractor-pin","status":"publish","type":"product","link":"https:\/\/nbg.eu\/sv\/produkt\/ar-15-extractor-pin\/","title":{"rendered":"AR-15 EXTRACTOR PIN"},"content":{"rendered":"<h1>BRN AR-15 Utdragarstift, Svart<\/h1>\n<p>BRN AR-15 Utdragarstift \u00e4r en komponent f\u00f6r AR-15\/M16-gev\u00e4r som uppfyller OEM-specifikationer.<\/p>\n<h2>Egenskaper:<\/h2>\n<ul>\n<li>Tillverkad i USA<\/li>\n<li>Livstidsgaranti<\/li>\n<li>Fosfaterad yta<\/li>\n<li>Svart f\u00e4rg<\/li>\n<li>Tillverkad av st\u00e5l<\/li>\n<li>Passar AR-15 plattformar<\/li>\n<\/ul>\n<p>Denna reservdel \u00e4r f\u00f6r underh\u00e5ll eller uppgradering av AR-15. Tillverkad i USA med Brownells garanti.<\/p>\n<p><strong>Produktspecifikationer:<\/strong> Brownells #100040958 | MFR #AZT-M4-556ST016 | UPC 050806029637<\/p>\n","protected":false},"excerpt":{"rendered":"<p>OEM AR-15\/M16 reservdel utdragarstift. Svart, tillverkad i USA, livstidsgaranti.<\/p>\n","protected":false},"featured_media":497354,"template":"","meta":{"_acf_changed":false},"product_brand":[],"product_cat":[13014],"product_tag":[],"class_list":{"0":"post-539153","1":"product","2":"type-product","3":"status-publish","4":"has-post-thumbnail","6":"product_cat-gevaerstuning","8":"first","9":"instock","10":"taxable","11":"shipping-taxable","12":"purchasable","13":"product-type-simple"},"acf":[],"_links":{"self":[{"href":"https:\/\/nbg.eu\/sv\/wp-json\/wp\/v2\/product\/539153","targetHints":{"allow":["GET"]}}],"collection":[{"href":"https:\/\/nbg.eu\/sv\/wp-json\/wp\/v2\/product"}],"about":[{"href":"https:\/\/nbg.eu\/sv\/wp-json\/wp\/v2\/types\/product"}],"wp:featuredmedia":[{"embeddable":true,"href":"https:\/\/nbg.eu\/sv\/wp-json\/wp\/v2\/media\/497354"}],"wp:attachment":[{"href":"https:\/\/nbg.eu\/sv\/wp-json\/wp\/v2\/media?parent=539153"}],"wp:term":[{"taxonomy":"product_brand","embeddable":true,"href":"https:\/\/nbg.eu\/sv\/wp-json\/wp\/v2\/product_brand?post=539153"},{"taxonomy":"product_cat","embeddable":true,"href":"https:\/\/nbg.eu\/sv\/wp-json\/wp\/v2\/product_cat?post=539153"},{"taxonomy":"product_tag","embeddable":true,"href":"https:\/\/nbg.eu\/sv\/wp-json\/wp\/v2\/product_tag?post=539153"}],"curies":[{"name":"wp","href":"https:\/\/api.w.org\/{rel}","templated":true}]}}