{"id":539290,"date":"2025-09-05T17:38:16","date_gmt":"2025-09-05T14:38:16","guid":{"rendered":"https:\/\/nbg.eu\/product\/zero-compromise-optic-zc527-10mil-mpct2x\/"},"modified":"2026-01-21T11:29:44","modified_gmt":"2026-01-21T08:29:44","slug":"zero-compromise-optic-zc527-10mil-mpct2x","status":"publish","type":"product","link":"https:\/\/nbg.eu\/sv\/produkt\/zero-compromise-optic-zc527-10mil-mpct2x\/","title":{"rendered":"Zero Compromise Optic ZC527 10MIL MPCT2X"},"content":{"rendered":"<h1>Zero Compromise Optic ZC527 10MIL MPCT2X<\/h1>\n<p>ZC527 \u00e4r ett kik\u00e4rsikte som \u00e4r 387 mm l\u00e5ngt och v\u00e4ger 1122 g. Det erbjuder:<\/p>\n<ul>\n<li>35 mil h\u00f6jdjustering<\/li>\n<li>20 mil vindjustering<\/li>\n<li>7m\/100m synf\u00e4lt<\/li>\n<li>H\u00f6g ljustransmission<\/li>\n<li>H\u00f6g uppl\u00f6sning<\/li>\n<\/ul>\n<p>ZC527 \u00e4r tillverkad av h\u00f6gkvalitativa material. Den finns i standardutf\u00f6rande eller med FDE-f\u00e4rg (flat dark earth).<\/p>\n<p>Zero Compromise Optic ZC527 \u00e4r ett kik\u00e4rsikte f\u00f6r precisions\u00e4ndam\u00e5l.<\/p>\n","protected":false},"excerpt":{"rendered":"<p>Premiumkikarsikten: O\u00f6vertr\u00e4ffad klarhet, brett synf\u00e4lt, exakta justeringar.<\/p>\n","protected":false},"featured_media":497400,"template":"","meta":{"_acf_changed":false},"product_brand":[15203],"product_cat":[13017,13004],"product_tag":[],"class_list":{"0":"post-539290","1":"product","2":"type-product","3":"status-publish","4":"has-post-thumbnail","6":"product_brand-zero-compromise-optics","7":"product_cat-foerstorande-optik","8":"product_cat-siktning","10":"first","11":"outofstock","12":"taxable","13":"shipping-taxable","14":"purchasable","15":"product-type-simple"},"acf":[],"_links":{"self":[{"href":"https:\/\/nbg.eu\/sv\/wp-json\/wp\/v2\/product\/539290","targetHints":{"allow":["GET"]}}],"collection":[{"href":"https:\/\/nbg.eu\/sv\/wp-json\/wp\/v2\/product"}],"about":[{"href":"https:\/\/nbg.eu\/sv\/wp-json\/wp\/v2\/types\/product"}],"wp:featuredmedia":[{"embeddable":true,"href":"https:\/\/nbg.eu\/sv\/wp-json\/wp\/v2\/media\/497400"}],"wp:attachment":[{"href":"https:\/\/nbg.eu\/sv\/wp-json\/wp\/v2\/media?parent=539290"}],"wp:term":[{"taxonomy":"product_brand","embeddable":true,"href":"https:\/\/nbg.eu\/sv\/wp-json\/wp\/v2\/product_brand?post=539290"},{"taxonomy":"product_cat","embeddable":true,"href":"https:\/\/nbg.eu\/sv\/wp-json\/wp\/v2\/product_cat?post=539290"},{"taxonomy":"product_tag","embeddable":true,"href":"https:\/\/nbg.eu\/sv\/wp-json\/wp\/v2\/product_tag?post=539290"}],"curies":[{"name":"wp","href":"https:\/\/api.w.org\/{rel}","templated":true}]}}