{"id":539422,"date":"2025-09-05T17:38:17","date_gmt":"2025-09-05T14:38:17","guid":{"rendered":"https:\/\/nbg.eu\/product\/zco-mount\/"},"modified":"2026-01-21T11:38:41","modified_gmt":"2026-01-21T08:38:41","slug":"zco-mount","status":"publish","type":"product","link":"https:\/\/nbg.eu\/sv\/produkt\/zco-mount\/","title":{"rendered":"ZCO Mount"},"content":{"rendered":"<div class=\"product-description\">\n<h1>ZCO Blockmontering: Konstruerad f\u00f6r professionella kikarsikten<\/h1>\n<p>ZCO blockmontering, med 0Mil \/ 6Mil lutningsalternativ. Tillverkad i \u00d6sterrike med CNC-fr\u00e4steknologi f\u00f6r ZCO kikarsikten.<\/p>\n<ul>\n<li>Tillverkad av EN AW-7075 aluminium med anodiserad bel\u00e4ggning<\/li>\n<li>Vikbart vattenpass (v\u00e4nster eller h\u00f6ger montering)<\/li>\n<li>Integrerad hylsa f\u00f6r mirage band<\/li>\n<li>Inkluderar nivelleringskil f\u00f6r korrekt kikarsikte-inriktning<\/li>\n<li>Levereras med n\u00f6dv\u00e4ndiga Torx-bits<\/li>\n<\/ul>\n<p>Monteringsl\u00f6sning f\u00f6r professionellt bruk. ZCO blockmontering kombinerar styrka, precision och m\u00e5ngsidighet f\u00f6r optimal prestanda.<\/p>\n<\/div>\n","protected":false},"excerpt":{"rendered":"<p>Precision ZCO-f\u00e4ste: Professionell kvalitet, CNC-fr\u00e4st, med inbyggt vattenpass.<\/p>\n","protected":false},"featured_media":497538,"template":"","meta":{"_acf_changed":false},"product_brand":[15203],"product_cat":[14896,13004],"product_tag":[],"class_list":{"0":"post-539422","1":"product","2":"type-product","3":"status-publish","4":"has-post-thumbnail","6":"product_brand-zero-compromise-optics","7":"product_cat-mounts-sv","8":"product_cat-siktning","10":"first","11":"outofstock","12":"taxable","13":"shipping-taxable","14":"purchasable","15":"product-type-simple"},"acf":[],"_links":{"self":[{"href":"https:\/\/nbg.eu\/sv\/wp-json\/wp\/v2\/product\/539422","targetHints":{"allow":["GET"]}}],"collection":[{"href":"https:\/\/nbg.eu\/sv\/wp-json\/wp\/v2\/product"}],"about":[{"href":"https:\/\/nbg.eu\/sv\/wp-json\/wp\/v2\/types\/product"}],"wp:featuredmedia":[{"embeddable":true,"href":"https:\/\/nbg.eu\/sv\/wp-json\/wp\/v2\/media\/497538"}],"wp:attachment":[{"href":"https:\/\/nbg.eu\/sv\/wp-json\/wp\/v2\/media?parent=539422"}],"wp:term":[{"taxonomy":"product_brand","embeddable":true,"href":"https:\/\/nbg.eu\/sv\/wp-json\/wp\/v2\/product_brand?post=539422"},{"taxonomy":"product_cat","embeddable":true,"href":"https:\/\/nbg.eu\/sv\/wp-json\/wp\/v2\/product_cat?post=539422"},{"taxonomy":"product_tag","embeddable":true,"href":"https:\/\/nbg.eu\/sv\/wp-json\/wp\/v2\/product_tag?post=539422"}],"curies":[{"name":"wp","href":"https:\/\/api.w.org\/{rel}","templated":true}]}}