{"id":539802,"date":"2025-09-05T17:40:49","date_gmt":"2025-09-05T14:40:49","guid":{"rendered":"https:\/\/nbg.eu\/product\/scope-mount-30mm-vortex-pro-series-low-pr30-l\/"},"modified":"2026-01-21T12:26:40","modified_gmt":"2026-01-21T09:26:40","slug":"scope-mount-30mm-vortex-pro-series-low-pr30-l","status":"publish","type":"product","link":"https:\/\/nbg.eu\/sv\/produkt\/scope-mount-30mm-vortex-pro-series-low-pr30-l\/","title":{"rendered":"Scope mount 30mm Vortex Pro Series LOW PR30-l"},"content":{"rendered":"<h1>Vortex Pro 30mm L\u00e5ga (0,90&#8243;) Kikarsikteringar PR30-L<\/h1>\n<p>Vortex Pro Series 30mm l\u00e5ga ringar \u00e4r tillverkade av flygplanskvalitet 6061 aluminium och erbjuder p\u00e5litlighet och styrka f\u00f6r montering av kikarsikte.<\/p>\n<h2>Huvudegenskaper:<\/h2>\n<ul>\n<li>Matt svart anodiserad yta<\/li>\n<li>Laseretsade vridmomentsspecifikationer<\/li>\n<li>#8 f\u00e4stskruvar f\u00f6r s\u00e4ker montering<\/li>\n<li>Integrerad rekylklack f\u00f6r stabilitet<\/li>\n<li>Kompatibel med Weaver eller Picatinny-skenor<\/li>\n<li>L\u00e5g vikt p\u00e5 44,8 gram<\/li>\n<\/ul>\n<p>Vortex Pro PR30-L ringar s\u00e4kerst\u00e4ller att ditt kikarsikte sitter fast. L\u00e4mplig f\u00f6r j\u00e4gare som s\u00f6ker kvalitet.<\/p>\n","protected":false},"excerpt":{"rendered":"<p>H\u00e5llbara 30 mm l\u00e5ga kikarsikteringar f\u00f6r Weaver\/Picatinny-skenor. Precisionsbearbetade.<\/p>\n","protected":false},"featured_media":497584,"template":"","meta":{"_acf_changed":false},"product_brand":[11967],"product_cat":[13004,13029],"product_tag":[],"class_list":{"0":"post-539802","1":"product","2":"type-product","3":"status-publish","4":"has-post-thumbnail","6":"product_brand-vortex","7":"product_cat-siktning","8":"product_cat-sikttillbehoer","10":"first","11":"outofstock","12":"taxable","13":"shipping-taxable","14":"purchasable","15":"product-type-simple"},"acf":[],"_links":{"self":[{"href":"https:\/\/nbg.eu\/sv\/wp-json\/wp\/v2\/product\/539802","targetHints":{"allow":["GET"]}}],"collection":[{"href":"https:\/\/nbg.eu\/sv\/wp-json\/wp\/v2\/product"}],"about":[{"href":"https:\/\/nbg.eu\/sv\/wp-json\/wp\/v2\/types\/product"}],"wp:featuredmedia":[{"embeddable":true,"href":"https:\/\/nbg.eu\/sv\/wp-json\/wp\/v2\/media\/497584"}],"wp:attachment":[{"href":"https:\/\/nbg.eu\/sv\/wp-json\/wp\/v2\/media?parent=539802"}],"wp:term":[{"taxonomy":"product_brand","embeddable":true,"href":"https:\/\/nbg.eu\/sv\/wp-json\/wp\/v2\/product_brand?post=539802"},{"taxonomy":"product_cat","embeddable":true,"href":"https:\/\/nbg.eu\/sv\/wp-json\/wp\/v2\/product_cat?post=539802"},{"taxonomy":"product_tag","embeddable":true,"href":"https:\/\/nbg.eu\/sv\/wp-json\/wp\/v2\/product_tag?post=539802"}],"curies":[{"name":"wp","href":"https:\/\/api.w.org\/{rel}","templated":true}]}}