{"id":539914,"date":"2025-09-05T17:40:49","date_gmt":"2025-09-05T14:40:49","guid":{"rendered":"https:\/\/nbg.eu\/product\/badger-ordnance-c1-coaxial-laser-integration-fixture-9-slot-rail-black-700-20b\/"},"modified":"2026-01-21T12:07:04","modified_gmt":"2026-01-21T09:07:04","slug":"badger-ordnance-c1-coaxial-laser-integration-fixture-9-slot-rail-black-700-20b","status":"publish","type":"product","link":"https:\/\/nbg.eu\/sv\/produkt\/badger-ordnance-c1-coaxial-laser-integration-fixture-9-slot-rail-black-700-20b\/","title":{"rendered":"BADGER ORDNANCE C1 COAXIAL LASER INTEGRATION FIXTURE 9 SLOT RAIL BLACK (700-20B)"},"content":{"rendered":"<div class=\"product-description\">\n<h2>BADGER ORDNANCE C1 KOAXIAL LASERINTEGRATIONSMONTERING 9 SP\u00c5RS SKENA SVART (700-20B)<\/h2>\n<p>Badger Ordnance 9-sp\u00e5rs CLIF (Koaxial laserintegrationsmontering). Detta tillbeh\u00f6r \u00e4r avsett f\u00f6r anv\u00e4ndning med Badgers Condition One-f\u00e4sten f\u00f6r integration av vapen-monterade laseravst\u00e5ndsm\u00e4tare.<\/p>\n<ul>\n<li>Kompatibel med ARC f\u00f6r montering av lasrar och avst\u00e5ndsm\u00e4tare ovanf\u00f6r ditt sikte<\/li>\n<li>F\u00e4sts utan att ta bort C1 tillbeh\u00f6rsringlock, vilket bibeh\u00e5ller siktets ursprungliga nollst\u00e4llning<\/li>\n<li>9-sp\u00e5rs skendesign f\u00f6r olika monteringsalternativ<\/li>\n<li>Svart finish<\/li>\n<li>Artikelnummer: 700-20B<\/li>\n<\/ul>\n<p>I lager och redo att skickas.<\/p>\n<\/div>\n","protected":false},"excerpt":{"rendered":"<p>BADGER ORDNANCE C1 CLIF: 9-sp\u00e5rig skena f\u00f6r laserintegration p\u00e5 optik.<\/p>\n","protected":false},"featured_media":497607,"template":"","meta":{"_acf_changed":false},"product_brand":[11095],"product_cat":[14896,13004,13029],"product_tag":[],"class_list":{"0":"post-539914","1":"product","2":"type-product","3":"status-publish","4":"has-post-thumbnail","6":"product_brand-badger-ordnance","7":"product_cat-mounts-sv","8":"product_cat-siktning","9":"product_cat-sikttillbehoer","11":"first","12":"instock","13":"taxable","14":"shipping-taxable","15":"purchasable","16":"product-type-simple"},"acf":[],"_links":{"self":[{"href":"https:\/\/nbg.eu\/sv\/wp-json\/wp\/v2\/product\/539914","targetHints":{"allow":["GET"]}}],"collection":[{"href":"https:\/\/nbg.eu\/sv\/wp-json\/wp\/v2\/product"}],"about":[{"href":"https:\/\/nbg.eu\/sv\/wp-json\/wp\/v2\/types\/product"}],"wp:featuredmedia":[{"embeddable":true,"href":"https:\/\/nbg.eu\/sv\/wp-json\/wp\/v2\/media\/497607"}],"wp:attachment":[{"href":"https:\/\/nbg.eu\/sv\/wp-json\/wp\/v2\/media?parent=539914"}],"wp:term":[{"taxonomy":"product_brand","embeddable":true,"href":"https:\/\/nbg.eu\/sv\/wp-json\/wp\/v2\/product_brand?post=539914"},{"taxonomy":"product_cat","embeddable":true,"href":"https:\/\/nbg.eu\/sv\/wp-json\/wp\/v2\/product_cat?post=539914"},{"taxonomy":"product_tag","embeddable":true,"href":"https:\/\/nbg.eu\/sv\/wp-json\/wp\/v2\/product_tag?post=539914"}],"curies":[{"name":"wp","href":"https:\/\/api.w.org\/{rel}","templated":true}]}}