{"id":540297,"date":"2025-09-05T17:42:22","date_gmt":"2025-09-05T14:42:22","guid":{"rendered":"https:\/\/nbg.eu\/product\/ameriglo-range-fo-sight-set-for-glock\/"},"modified":"2026-01-21T12:29:16","modified_gmt":"2026-01-21T09:29:16","slug":"ameriglo-range-fo-sight-set-for-glock","status":"publish","type":"product","link":"https:\/\/nbg.eu\/sv\/produkt\/ameriglo-range-fo-sight-set-for-glock\/","title":{"rendered":"AMERIGLO RANGE FO SIGHT SET FOR GLOCK"},"content":{"rendered":"<div class=\"product-description\">\n<h2>AMERIGLO SIKTE F\u00d6R GLOCK<\/h2>\n<p>AMERIGLO sikteupps\u00e4ttning f\u00f6r Glock G5 9mm\/.40 Kaliber. Detta sikte \u00e4r utformat f\u00f6r att f\u00f6rb\u00e4ttra skjutprecision och m\u00e5lf\u00f6rv\u00e4rv.<\/p>\n<ul>\n<li>Kompatibel med Glock 19 Gen 5 och Glock 23 Gen 5<\/li>\n<li>Tillverkad av st\u00e5l<\/li>\n<li>Svart yta<\/li>\n<li>Fyrkantigt hack f\u00f6r siktbild<\/li>\n<li>R\u00e4fflad yta minskar bl\u00e4ndning<\/li>\n<li>Vikt: 0,313 lbs<\/li>\n<\/ul>\n<p>Dessa sikten \u00e4r designade f\u00f6r anv\u00e4ndning p\u00e5 skjutbana eller i taktiska situationer. De \u00e4r enkla att installera och h\u00e5llbara.<\/p>\n<\/div>\n","protected":false},"excerpt":{"rendered":"<p>Svart r\u00e4fflad riktmedelsupps\u00e4ttning f\u00f6r Glock G5 9mm\/.40, tillverkad i st\u00e5l.<\/p>\n","protected":false},"featured_media":497816,"template":"","meta":{"_acf_changed":false},"product_brand":[],"product_cat":[13023,12999,13004,13029],"product_tag":[],"class_list":{"0":"post-540297","1":"product","2":"type-product","3":"status-publish","4":"has-post-thumbnail","6":"product_cat-pistol","7":"product_cat-pistoldelar","8":"product_cat-siktning","9":"product_cat-sikttillbehoer","11":"first","12":"outofstock","13":"taxable","14":"shipping-taxable","15":"purchasable","16":"product-type-simple"},"acf":[],"_links":{"self":[{"href":"https:\/\/nbg.eu\/sv\/wp-json\/wp\/v2\/product\/540297","targetHints":{"allow":["GET"]}}],"collection":[{"href":"https:\/\/nbg.eu\/sv\/wp-json\/wp\/v2\/product"}],"about":[{"href":"https:\/\/nbg.eu\/sv\/wp-json\/wp\/v2\/types\/product"}],"wp:featuredmedia":[{"embeddable":true,"href":"https:\/\/nbg.eu\/sv\/wp-json\/wp\/v2\/media\/497816"}],"wp:attachment":[{"href":"https:\/\/nbg.eu\/sv\/wp-json\/wp\/v2\/media?parent=540297"}],"wp:term":[{"taxonomy":"product_brand","embeddable":true,"href":"https:\/\/nbg.eu\/sv\/wp-json\/wp\/v2\/product_brand?post=540297"},{"taxonomy":"product_cat","embeddable":true,"href":"https:\/\/nbg.eu\/sv\/wp-json\/wp\/v2\/product_cat?post=540297"},{"taxonomy":"product_tag","embeddable":true,"href":"https:\/\/nbg.eu\/sv\/wp-json\/wp\/v2\/product_tag?post=540297"}],"curies":[{"name":"wp","href":"https:\/\/api.w.org\/{rel}","templated":true}]}}