{"id":540645,"date":"2025-09-05T17:42:22","date_gmt":"2025-09-05T14:42:22","guid":{"rendered":"https:\/\/nbg.eu\/product\/lyman-pro-trim-die\/"},"modified":"2026-01-21T11:45:39","modified_gmt":"2026-01-21T08:45:39","slug":"lyman-pro-trim-die","status":"publish","type":"product","link":"https:\/\/nbg.eu\/sv\/produkt\/lyman-pro-trim-die\/","title":{"rendered":"Lyman Pro Trim Die"},"content":{"rendered":"<div class=\"product-description\">\n<h2>Lyman Pro Trim Dies<\/h2>\n<p>Lyman Pro Trim Dies tillverkas i USA. Dessa dies har f\u00f6ljande egenskaper:<\/p>\n<ul>\n<li>Tillverkade av rostfritt st\u00e5l f\u00f6r h\u00e5llbarhet<\/li>\n<li>7\/8-14 botteng\u00e4nga, kompatibel med Lyman, Mark 7 och andra reloading-pressar<\/li>\n<li>13\/16-20 toppg\u00e4nga, anpassad f\u00f6r Lymans pressmonterade trimmer och andra alternativ<\/li>\n<li>Livstidsgaranti, tack vare material och tillverkning<\/li>\n<\/ul>\n<p>Lyman Pro Trim Dies erbjuder precision och m\u00e5ngsidighet f\u00f6r reloading-utrustning. De \u00e4r l\u00e4mpliga f\u00f6r b\u00e5de erfarna och nyb\u00f6rjare, och ger kompatibilitet f\u00f6r konsekventa resultat.<\/p>\n<\/div>\n","protected":false},"excerpt":{"rendered":"<p>Precisionsgjort amerikanskt rostfritt st\u00e5l matris f\u00f6r hylstrimning. Kompatibel med press.<\/p>\n","protected":false},"featured_media":497840,"template":"","meta":{"_acf_changed":false},"product_brand":[11276],"product_cat":[13039,13028],"product_tag":[],"class_list":{"0":"post-540645","1":"product","2":"type-product","3":"status-publish","4":"has-post-thumbnail","6":"product_brand-doublealpha","7":"product_cat-omladdning","8":"product_cat-omladdningstillbehoer","10":"first","11":"outofstock","12":"taxable","13":"shipping-taxable","14":"purchasable","15":"product-type-simple"},"acf":[],"_links":{"self":[{"href":"https:\/\/nbg.eu\/sv\/wp-json\/wp\/v2\/product\/540645","targetHints":{"allow":["GET"]}}],"collection":[{"href":"https:\/\/nbg.eu\/sv\/wp-json\/wp\/v2\/product"}],"about":[{"href":"https:\/\/nbg.eu\/sv\/wp-json\/wp\/v2\/types\/product"}],"wp:featuredmedia":[{"embeddable":true,"href":"https:\/\/nbg.eu\/sv\/wp-json\/wp\/v2\/media\/497840"}],"wp:attachment":[{"href":"https:\/\/nbg.eu\/sv\/wp-json\/wp\/v2\/media?parent=540645"}],"wp:term":[{"taxonomy":"product_brand","embeddable":true,"href":"https:\/\/nbg.eu\/sv\/wp-json\/wp\/v2\/product_brand?post=540645"},{"taxonomy":"product_cat","embeddable":true,"href":"https:\/\/nbg.eu\/sv\/wp-json\/wp\/v2\/product_cat?post=540645"},{"taxonomy":"product_tag","embeddable":true,"href":"https:\/\/nbg.eu\/sv\/wp-json\/wp\/v2\/product_tag?post=540645"}],"curies":[{"name":"wp","href":"https:\/\/api.w.org\/{rel}","templated":true}]}}