{"id":541258,"date":"2025-09-05T18:09:57","date_gmt":"2025-09-05T15:09:57","guid":{"rendered":"https:\/\/nbg.eu\/product\/ase-utra-borelock-30-338-muzzle-brake-5-8x24-unef\/"},"modified":"2026-01-21T11:37:50","modified_gmt":"2026-01-21T08:37:50","slug":"ase-utra-borelock-30-338-muzzle-brake-5-8x24-unef","status":"publish","type":"product","link":"https:\/\/nbg.eu\/sv\/produkt\/ase-utra-borelock-30-338-muzzle-brake-5-8x24-unef\/","title":{"rendered":"ASE UTRA BoreLock .30\/.338 muzzle brake 5\/8&#8243;x24 UNEF"},"content":{"rendered":"<h2>ASE UTRA BoreLock .30\/.338 Mynningsbroms 5\/8&#8243;x24 UNEF<\/h2>\n<p>ASE UTRA BoreLock .30\/.338 Mynningsbroms (Kod: 365P-AU761) har en tv\u00e5delad design f\u00f6r installation utan brickor eller mellanl\u00e4gg, vilket m\u00f6jligg\u00f6r exakt inriktning.<\/p>\n<h2>Egenskaper:<\/h2>\n<ul>\n<li>Kompatibel med .30 och .338 kaliber gev\u00e4r<\/li>\n<li>5\/8&#8243;x24 UNEF g\u00e4ngstigning<\/li>\n<li>Tv\u00e5delad BoreLock-design f\u00f6r installation<\/li>\n<li>Inga brickor eller mellanl\u00e4gg beh\u00f6vs<\/li>\n<li>Exakt inriktning<\/li>\n<li>Minskar rekyl och mynningsr\u00f6relse<\/li>\n<\/ul>\n<p>ASE UTRA BoreLock Mynningsbroms \u00e4r designad f\u00f6r prestanda och anv\u00e4ndarv\u00e4nlighet.<\/p>\n","protected":false},"excerpt":{"rendered":"<p>ASE UTRA BoreLock .30\/.338 mynningsbroms: Snabb och s\u00e4ker montering, inga mellanl\u00e4gg beh\u00f6vs.<\/p>\n","protected":false},"featured_media":498932,"template":"","meta":{"_acf_changed":false},"product_brand":[14270],"product_cat":[514],"product_tag":[],"class_list":{"0":"post-541258","1":"product","2":"type-product","3":"status-publish","4":"has-post-thumbnail","6":"product_brand-ase-utra-oy","7":"product_cat-rifle-grips","9":"first","10":"outofstock","11":"taxable","12":"shipping-taxable","13":"purchasable","14":"product-type-simple"},"acf":[],"_links":{"self":[{"href":"https:\/\/nbg.eu\/sv\/wp-json\/wp\/v2\/product\/541258","targetHints":{"allow":["GET"]}}],"collection":[{"href":"https:\/\/nbg.eu\/sv\/wp-json\/wp\/v2\/product"}],"about":[{"href":"https:\/\/nbg.eu\/sv\/wp-json\/wp\/v2\/types\/product"}],"wp:featuredmedia":[{"embeddable":true,"href":"https:\/\/nbg.eu\/sv\/wp-json\/wp\/v2\/media\/498932"}],"wp:attachment":[{"href":"https:\/\/nbg.eu\/sv\/wp-json\/wp\/v2\/media?parent=541258"}],"wp:term":[{"taxonomy":"product_brand","embeddable":true,"href":"https:\/\/nbg.eu\/sv\/wp-json\/wp\/v2\/product_brand?post=541258"},{"taxonomy":"product_cat","embeddable":true,"href":"https:\/\/nbg.eu\/sv\/wp-json\/wp\/v2\/product_cat?post=541258"},{"taxonomy":"product_tag","embeddable":true,"href":"https:\/\/nbg.eu\/sv\/wp-json\/wp\/v2\/product_tag?post=541258"}],"curies":[{"name":"wp","href":"https:\/\/api.w.org\/{rel}","templated":true}]}}