{"id":546027,"date":"2025-09-05T18:15:44","date_gmt":"2025-09-05T15:15:44","guid":{"rendered":"https:\/\/nbg.eu\/product\/area-419-diving-board-for-tactical-one-piece-scope-mount\/"},"modified":"2026-01-21T12:24:07","modified_gmt":"2026-01-21T09:24:07","slug":"area-419-diving-board-for-tactical-one-piece-scope-mount","status":"publish","type":"product","link":"https:\/\/nbg.eu\/sv\/produkt\/area-419-diving-board-for-tactical-one-piece-scope-mount\/","title":{"rendered":"AREA 419 DIVING BOARD FOR TACTICAL ONE PIECE SCOPE MOUNT"},"content":{"rendered":"<div class=\"product-description\">\n<h2>AREA 419 DIVING BOARD F\u00d6R TAKTISK ENDELAD KIKARSIKTEMONTAGE<\/h2>\n<p>AREA 419 Diving Board \u00e4r ett tillbeh\u00f6r f\u00f6r din taktiska endelade kikarsiktemontage.<\/p>\n<h2>Huvudegenskaper:<\/h2>\n<ul>\n<li>Patents\u00f6kt dubbel konisk monteringspunkt f\u00f6r s\u00e4ker fasts\u00e4ttning<\/li>\n<li>Plattform f\u00f6r vattenpass, information, r\u00f6dpunktssikten och laseravst\u00e5ndsm\u00e4tare<\/li>\n<li>H\u00e5llbar och styv konstruktion f\u00f6r f\u00f6rb\u00e4ttrad \u00e5terg\u00e5ng till nollpunkt<\/li>\n<li>Finns i standard- och l\u00e5gh\u00f6jdsalternativ<\/li>\n<li>MIL-STD-1913 specifikation skena (10 sp\u00e5r f\u00f6r standard, 6 f\u00f6r l\u00e5g h\u00f6jd)<\/li>\n<li>Typ III h\u00e5rdanodiserad svart yta<\/li>\n<li>CNC-fr\u00e4st i Amerika fr\u00e5n amerikansk 7075 aluminium<\/li>\n<li>F\u00e4stskruvar f\u00f6r enkel installation<\/li>\n<\/ul>\n<p>V\u00e4lj mellan standardh\u00f6jd (2,82 cm h\u00f6g, 70,9 g) eller l\u00e5g h\u00f6jd (1,78 cm h\u00f6g, 42,5 g). B\u00e5da alternativen har flera 1\/4 x 20 h\u00e5l f\u00f6r tillbeh\u00f6rsmontering.<\/p>\n<p>AREA 419 Diving Board \u00e4r ett tillbeh\u00f6r till din kikarsiktemontage.<\/p>\n<\/div>\n","protected":false},"excerpt":{"rendered":"<p>S\u00e4ker, m\u00e5ngsidig skena f\u00f6r taktisk endelad kikarsikte-montering.<\/p>\n","protected":false},"featured_media":499171,"template":"","meta":{"_acf_changed":false},"product_brand":[11051],"product_cat":[13004,13029],"product_tag":[],"class_list":{"0":"post-546027","1":"product","2":"type-product","3":"status-publish","4":"has-post-thumbnail","6":"product_brand-area-419","7":"product_cat-siktning","8":"product_cat-sikttillbehoer","10":"first","11":"outofstock","12":"taxable","13":"shipping-taxable","14":"purchasable","15":"product-type-simple"},"acf":[],"_links":{"self":[{"href":"https:\/\/nbg.eu\/sv\/wp-json\/wp\/v2\/product\/546027","targetHints":{"allow":["GET"]}}],"collection":[{"href":"https:\/\/nbg.eu\/sv\/wp-json\/wp\/v2\/product"}],"about":[{"href":"https:\/\/nbg.eu\/sv\/wp-json\/wp\/v2\/types\/product"}],"wp:featuredmedia":[{"embeddable":true,"href":"https:\/\/nbg.eu\/sv\/wp-json\/wp\/v2\/media\/499171"}],"wp:attachment":[{"href":"https:\/\/nbg.eu\/sv\/wp-json\/wp\/v2\/media?parent=546027"}],"wp:term":[{"taxonomy":"product_brand","embeddable":true,"href":"https:\/\/nbg.eu\/sv\/wp-json\/wp\/v2\/product_brand?post=546027"},{"taxonomy":"product_cat","embeddable":true,"href":"https:\/\/nbg.eu\/sv\/wp-json\/wp\/v2\/product_cat?post=546027"},{"taxonomy":"product_tag","embeddable":true,"href":"https:\/\/nbg.eu\/sv\/wp-json\/wp\/v2\/product_tag?post=546027"}],"curies":[{"name":"wp","href":"https:\/\/api.w.org\/{rel}","templated":true}]}}