{"id":547173,"date":"2025-09-05T18:15:58","date_gmt":"2025-09-05T15:15:58","guid":{"rendered":"https:\/\/nbg.eu\/product\/mount-arta435-34-34mm\/"},"modified":"2026-01-21T12:02:59","modified_gmt":"2026-01-21T09:02:59","slug":"mount-arta435-34-34mm","status":"publish","type":"product","link":"https:\/\/nbg.eu\/sv\/produkt\/mount-arta435-34-34mm\/","title":{"rendered":"Mount ARTA435-34, 34mm"},"content":{"rendered":"<div class=\"product-description\">\n<h2>XSKEL34TW Gen 2 F\u00f6rl\u00e4ngd Skeletterad 34mm MSR-f\u00e4ste<\/h2>\n<p>XSKEL34TW Gen 2 \u00e4r ett f\u00f6rl\u00e4ngt skeletterat 34mm MSR-f\u00e4ste designat f\u00f6r AR15, AR10-stil gev\u00e4r och sportgev\u00e4r med en 2,75&#8243; eller l\u00e4ngre Picatinny-skena.<\/p>\n<h2>Huvudegenskaper:<\/h2>\n<ul>\n<li>MSR-ideal h\u00f6jd f\u00f6r inriktning<\/li>\n<li>\u00d6ver 2 tum fram\u00e5tlutning f\u00f6r balans<\/li>\n<li>St\u00e5lg\u00e4ngade insatser f\u00f6r skruvar<\/li>\n<li>L\u00e4tt men robust skeletterad design<\/li>\n<li>Tillverkad av 6061 aluminium genom CNC-bearbetning<\/li>\n<li>1-styck sidokl\u00e4mma design f\u00f6r styrka<\/li>\n<\/ul>\n<p>XSKEL34TW \u00e4r konstruerad f\u00f6r st\u00f6rre, tyngre 34mm tubsikte, inklusive l\u00e5geffektsvariabla optik och l\u00e5ngdistansoptik med upp till 56mm objektiv. Designen placerar siktet p\u00e5 ideal h\u00f6jd och position p\u00e5 AR-plattformen.<\/p>\n<p>Kompatibel med AR-15, M-4, SR-25, LR308, PTR-91 och andra MSR med minst 3 tum l\u00e5ng Picatinny-skena. \u00c4ven popul\u00e4r p\u00e5 taktiska h\u00e4varmgev\u00e4r.<\/p>\n<p>XSKEL34TW MSR\/AR-f\u00e4stet anv\u00e4nds av 3-gun skyttar, t\u00e4vlingsskyttar och taktiska entusiaster f\u00f6r t\u00e4vlingar, taktiska uppdrag och AR-jakt.<\/p>\n<p>XSKEL34TW Gen 2 f\u00f6rl\u00e4ngt skeletterat 34mm MSR-f\u00e4ste kombinerar l\u00e4tt design och h\u00e5llbarhet f\u00f6r montering av optik.<\/p>\n<\/div>\n","protected":false},"excerpt":{"rendered":"<p>L\u00e4tt, h\u00e5llbar 34 mm AR-kikarsiktef\u00e4ste. Idealisk h\u00f6jd, 5 cm utskjutande.<\/p>\n","protected":false},"featured_media":499263,"template":"","meta":{"_acf_changed":false},"product_brand":[11696],"product_cat":[14896,13004,13029,13024],"product_tag":[],"class_list":{"0":"post-547173","1":"product","2":"type-product","3":"status-publish","4":"has-post-thumbnail","6":"product_brand-rusan","7":"product_cat-mounts-sv","8":"product_cat-siktning","9":"product_cat-sikttillbehoer","10":"product_cat-termisk","12":"first","13":"outofstock","14":"taxable","15":"shipping-taxable","16":"purchasable","17":"product-type-simple"},"acf":[],"_links":{"self":[{"href":"https:\/\/nbg.eu\/sv\/wp-json\/wp\/v2\/product\/547173","targetHints":{"allow":["GET"]}}],"collection":[{"href":"https:\/\/nbg.eu\/sv\/wp-json\/wp\/v2\/product"}],"about":[{"href":"https:\/\/nbg.eu\/sv\/wp-json\/wp\/v2\/types\/product"}],"wp:featuredmedia":[{"embeddable":true,"href":"https:\/\/nbg.eu\/sv\/wp-json\/wp\/v2\/media\/499263"}],"wp:attachment":[{"href":"https:\/\/nbg.eu\/sv\/wp-json\/wp\/v2\/media?parent=547173"}],"wp:term":[{"taxonomy":"product_brand","embeddable":true,"href":"https:\/\/nbg.eu\/sv\/wp-json\/wp\/v2\/product_brand?post=547173"},{"taxonomy":"product_cat","embeddable":true,"href":"https:\/\/nbg.eu\/sv\/wp-json\/wp\/v2\/product_cat?post=547173"},{"taxonomy":"product_tag","embeddable":true,"href":"https:\/\/nbg.eu\/sv\/wp-json\/wp\/v2\/product_tag?post=547173"}],"curies":[{"name":"wp","href":"https:\/\/api.w.org\/{rel}","templated":true}]}}