{"id":574887,"date":"2025-10-10T12:34:48","date_gmt":"2025-10-10T09:34:48","guid":{"rendered":"https:\/\/nbg.eu\/product\/trigger-kmr-sa-da-from-2024\/"},"modified":"2026-04-16T19:14:07","modified_gmt":"2026-04-16T16:14:07","slug":"trigger-kmr-sa-da-from-2024","status":"publish","type":"product","link":"https:\/\/nbg.eu\/sv\/produkt\/trigger-kmr-sa-da-from-2024\/","title":{"rendered":"KMR Avtryckare SA\/DA (fr\u00e5n 2024)"},"content":{"rendered":"<h2>AVTRYCKARE KMR SA\/DA (fr\u00e5n 2024)<\/h2>\n<h2>Referens: 0861-01503-0900 | M\u00e4rke: KMR Precision Arms<\/h2>\n<p>Ers\u00e4ttningsavtryckare f\u00f6r KMR-pistoler. Designad f\u00f6r alla KMR-pistoler med aluminium- och st\u00e5lstomme tillverkade fr\u00e5n och med 2024. Denna SA\/DA-avtryckare i st\u00e5l \u00e4r avsedd f\u00f6r KMR-pistoler.<\/p>\n<ul>\n<li>Kompatibel med 3 mm avtryckarstift<\/li>\n<li>Fungerar med L SA\/DA eller W SA\/DA avtryckarst\u00e5ng<\/li>\n<li>Fabriksavtryckarform med r\u00e4fflor<\/li>\n<li>Passar KMR L-02 SPECTRA och UMBRA modeller (fr\u00e5n 2024)<\/li>\n<li>Kompatibel med KMR S-01 LANCE (OR) och S-02 (till 2023)<\/li>\n<li>L\u00e4mplig f\u00f6r KMR W-02 UMBRA<\/li>\n<\/ul>\n<p>KMR-avtryckare f\u00f6r KMR-pistoler.<\/p>\n","protected":false},"excerpt":{"rendered":"<p>Ers\u00e4ttning SA\/DA st\u00e5lavtryckare f\u00f6r KMR-pistoler, r\u00e4fflad design.<\/p>\n","protected":false},"featured_media":574925,"template":"","meta":{"_acf_changed":false},"product_brand":[11511],"product_cat":[13003],"product_tag":[],"class_list":{"0":"post-574887","1":"product","2":"type-product","3":"status-publish","4":"has-post-thumbnail","6":"product_brand-kmr-precision","7":"product_cat-kmr-delar","9":"first","10":"instock","11":"taxable","12":"shipping-taxable","13":"purchasable","14":"product-type-simple"},"acf":[],"_links":{"self":[{"href":"https:\/\/nbg.eu\/sv\/wp-json\/wp\/v2\/product\/574887","targetHints":{"allow":["GET"]}}],"collection":[{"href":"https:\/\/nbg.eu\/sv\/wp-json\/wp\/v2\/product"}],"about":[{"href":"https:\/\/nbg.eu\/sv\/wp-json\/wp\/v2\/types\/product"}],"wp:featuredmedia":[{"embeddable":true,"href":"https:\/\/nbg.eu\/sv\/wp-json\/wp\/v2\/media\/574925"}],"wp:attachment":[{"href":"https:\/\/nbg.eu\/sv\/wp-json\/wp\/v2\/media?parent=574887"}],"wp:term":[{"taxonomy":"product_brand","embeddable":true,"href":"https:\/\/nbg.eu\/sv\/wp-json\/wp\/v2\/product_brand?post=574887"},{"taxonomy":"product_cat","embeddable":true,"href":"https:\/\/nbg.eu\/sv\/wp-json\/wp\/v2\/product_cat?post=574887"},{"taxonomy":"product_tag","embeddable":true,"href":"https:\/\/nbg.eu\/sv\/wp-json\/wp\/v2\/product_tag?post=574887"}],"curies":[{"name":"wp","href":"https:\/\/api.w.org\/{rel}","templated":true}]}}