{"id":575068,"date":"2025-10-10T12:34:49","date_gmt":"2025-10-10T09:34:49","guid":{"rendered":"https:\/\/nbg.eu\/product\/grips-kmr-l-modular-brass\/"},"modified":"2026-04-16T19:14:04","modified_gmt":"2026-04-16T16:14:04","slug":"grips-kmr-l-modular-brass","status":"publish","type":"product","link":"https:\/\/nbg.eu\/sv\/produkt\/grips-kmr-l-modular-brass\/","title":{"rendered":"KMR Grepp L Modular M\u00e4ssing"},"content":{"rendered":"<h2>GRIPS KMR L MODULAR M\u00c4SSING<\/h2>\n<p><strong>Referens:<\/strong> 0611-04101-0316<\/p>\n<p>GRIPS KMR L MODULAR M\u00c4SSING \u00e4r ett fullstort grepp designat f\u00f6r KMR utan magwell. Den modul\u00e4ra texturen erbjuder ett anpassningsbart grepp.<\/p>\n<h2>Kompatibla vapen:<\/h2>\n<ul>\n<li>KMR L-02 SPECTRA (2024 och fram\u00e5t)<\/li>\n<li>KMR L-02 SPECTRA (till och med 2023)<\/li>\n<li>KMR L-02 UMBRA<\/li>\n<li>KMR L-02 UMBRA (2024 och fram\u00e5t)<\/li>\n<li>KMR L-02 UMBRA (till och med 2023)<\/li>\n<\/ul>\n<p>Detta grepp \u00e4r utformat f\u00f6r att f\u00f6rb\u00e4ttra hanteringen av din KMR.<\/p>\n","protected":false},"excerpt":{"rendered":"<p>Fullstor modul\u00e4r m\u00e4ssingsgreppmodul f\u00f6r KMR L-02 SPECTRA\/UMBRA-modeller.<\/p>\n","protected":false},"featured_media":575099,"template":"","meta":{"_acf_changed":false},"product_brand":[11511],"product_cat":[13003,14885],"product_tag":[],"class_list":{"0":"post-575068","1":"product","2":"type-product","3":"status-publish","4":"has-post-thumbnail","6":"product_brand-kmr-precision","7":"product_cat-kmr-delar","8":"product_cat-pistol-grips-sv","10":"first","11":"instock","12":"taxable","13":"shipping-taxable","14":"purchasable","15":"product-type-simple"},"acf":[],"_links":{"self":[{"href":"https:\/\/nbg.eu\/sv\/wp-json\/wp\/v2\/product\/575068","targetHints":{"allow":["GET"]}}],"collection":[{"href":"https:\/\/nbg.eu\/sv\/wp-json\/wp\/v2\/product"}],"about":[{"href":"https:\/\/nbg.eu\/sv\/wp-json\/wp\/v2\/types\/product"}],"wp:featuredmedia":[{"embeddable":true,"href":"https:\/\/nbg.eu\/sv\/wp-json\/wp\/v2\/media\/575099"}],"wp:attachment":[{"href":"https:\/\/nbg.eu\/sv\/wp-json\/wp\/v2\/media?parent=575068"}],"wp:term":[{"taxonomy":"product_brand","embeddable":true,"href":"https:\/\/nbg.eu\/sv\/wp-json\/wp\/v2\/product_brand?post=575068"},{"taxonomy":"product_cat","embeddable":true,"href":"https:\/\/nbg.eu\/sv\/wp-json\/wp\/v2\/product_cat?post=575068"},{"taxonomy":"product_tag","embeddable":true,"href":"https:\/\/nbg.eu\/sv\/wp-json\/wp\/v2\/product_tag?post=575068"}],"curies":[{"name":"wp","href":"https:\/\/api.w.org\/{rel}","templated":true}]}}