{"id":575519,"date":"2025-10-10T12:34:58","date_gmt":"2025-10-10T09:34:58","guid":{"rendered":"https:\/\/nbg.eu\/product\/grips-kmr-l-dotmatrix-ergo-brass\/"},"modified":"2026-04-16T19:14:01","modified_gmt":"2026-04-16T16:14:01","slug":"grips-kmr-l-dotmatrix-ergo-brass","status":"publish","type":"product","link":"https:\/\/nbg.eu\/sv\/produkt\/grips-kmr-l-dotmatrix-ergo-brass\/","title":{"rendered":"KMR Grepp L DotMatrix Ergo M\u00e4ssing"},"content":{"rendered":"<h2>GRIPS KMR L DOTMATRIX ERGO M\u00c4SSING<\/h2>\n<p>M\u00e4ssingsgrepp fr\u00e5n KMR Precision Arms ger ditt vapen ett modernt, s\u00e4rskiljande utseende samtidigt som de l\u00e4gger till en balanserad vikt f\u00f6r f\u00f6rb\u00e4ttrad kontroll. Den ergonomiskt formade DotMatrix Ergo-textur ger ett s\u00e4kert och bekv\u00e4mt grepp, vilket f\u00f6rb\u00e4ttrar stabiliteten \u00e4ven vid l\u00e4ngre anv\u00e4ndning eller i kr\u00e4vande f\u00f6rh\u00e5llanden. Med precisionstillverkning, h\u00f6g h\u00e5llbarhet och ett raffinerat design \u00e4r dessa grepp ett utm\u00e4rkt val f\u00f6r skyttar som s\u00f6ker en blandning av funktionalitet, p\u00e5litlighet och stil.<\/p>\n<p>M\u00e4rke: KMR Precision Arms<br \/>\nF\u00f6r Vapen: KMR<br \/>\nKompatibilitet: KMR L-02 UMBRA FR\u00c5N 2024<br \/>\nGreppets L\u00e4ngd: Fullstorlek &#8211; ingen magwell<br \/>\nTextur: Dotmatrix Ergo<br \/>\nMaterial: M\u00e4ssing<\/p>\n","protected":false},"excerpt":{"rendered":"<p>M\u00e4ssingsgrepp KMR \u2013 DotMatrix Ergo-m\u00f6nster. Ergonomisk textur f\u00f6r s\u00e4ker och bekv\u00e4m greppning, balanserad vikt f\u00f6r f\u00f6rb\u00e4ttrad kontroll.<\/p>\n","protected":false},"featured_media":575527,"template":"","meta":{"_acf_changed":false},"product_brand":[11511],"product_cat":[13003,14885],"product_tag":[],"class_list":{"0":"post-575519","1":"product","2":"type-product","3":"status-publish","4":"has-post-thumbnail","6":"product_brand-kmr-precision","7":"product_cat-kmr-delar","8":"product_cat-pistol-grips-sv","10":"first","11":"instock","12":"taxable","13":"shipping-taxable","14":"purchasable","15":"product-type-simple"},"acf":[],"_links":{"self":[{"href":"https:\/\/nbg.eu\/sv\/wp-json\/wp\/v2\/product\/575519","targetHints":{"allow":["GET"]}}],"collection":[{"href":"https:\/\/nbg.eu\/sv\/wp-json\/wp\/v2\/product"}],"about":[{"href":"https:\/\/nbg.eu\/sv\/wp-json\/wp\/v2\/types\/product"}],"wp:featuredmedia":[{"embeddable":true,"href":"https:\/\/nbg.eu\/sv\/wp-json\/wp\/v2\/media\/575527"}],"wp:attachment":[{"href":"https:\/\/nbg.eu\/sv\/wp-json\/wp\/v2\/media?parent=575519"}],"wp:term":[{"taxonomy":"product_brand","embeddable":true,"href":"https:\/\/nbg.eu\/sv\/wp-json\/wp\/v2\/product_brand?post=575519"},{"taxonomy":"product_cat","embeddable":true,"href":"https:\/\/nbg.eu\/sv\/wp-json\/wp\/v2\/product_cat?post=575519"},{"taxonomy":"product_tag","embeddable":true,"href":"https:\/\/nbg.eu\/sv\/wp-json\/wp\/v2\/product_tag?post=575519"}],"curies":[{"name":"wp","href":"https:\/\/api.w.org\/{rel}","templated":true}]}}